{"id":483,"date":"2024-08-20T19:15:50","date_gmt":"2024-08-20T19:15:50","guid":{"rendered":"https:\/\/deepdeeousstg.wpenginepowered.com\/cookie-richtlinie\/"},"modified":"2025-10-03T18:01:40","modified_gmt":"2025-10-03T18:01:40","slug":"cookie-richtlinie","status":"publish","type":"page","link":"https:\/\/deepdeestudy.global\/de-de\/cookie-richtlinie\/","title":{"rendered":"Cookie-Richtlinie"},"content":{"rendered":"<p>[et_pb_section fb_built=&#8220;1&#8243; _builder_version=&#8220;4.27.0&#8243; _module_preset=&#8220;default&#8220; background_color=&#8220;#213A70&#8243; global_colors_info=&#8220;{}&#8220;][et_pb_row custom_padding_last_edited=&#8220;on|phone&#8220; _builder_version=&#8220;4.27.0&#8243; _module_preset=&#8220;default&#8220; custom_padding=&#8220;20px||20px||true|false&#8220; custom_padding_tablet=&#8220;20px||20px||true|false&#8220; custom_padding_phone=&#8220;0px||0px||true|false&#8220; global_colors_info=&#8220;{}&#8220;][et_pb_column type=&#8220;4_4&#8243; _builder_version=&#8220;4.27.0&#8243; _module_preset=&#8220;default&#8220; global_colors_info=&#8220;{}&#8220;][et_pb_heading title=&#8220;Cookie-Richtlinie&#8220; _builder_version=&#8220;4.27.0&#8243; _module_preset=&#8220;default&#8220; title_font=&#8220;|600|||||||&#8220; title_text_align=&#8220;center&#8220; title_text_color=&#8220;#FFFFFF&#8220; title_font_size=&#8220;42px&#8220; custom_margin=&#8220;||16px||false|false&#8220; custom_margin_tablet=&#8220;||16px||false|false&#8220; custom_margin_phone=&#8220;||10px||false|false&#8220; custom_margin_last_edited=&#8220;on|phone&#8220; title_font_size_tablet=&#8220;36px&#8220; title_font_size_phone=&#8220;32px&#8220; title_font_size_last_edited=&#8220;on|phone&#8220; global_colors_info=&#8220;{}&#8220;][\/et_pb_heading][et_pb_divider color=&#8220;#FFFFFF&#8220; divider_weight=&#8220;1.5px&#8220; _builder_version=&#8220;4.27.0&#8243; _module_preset=&#8220;default&#8220; max_width=&#8220;380px&#8220; max_width_tablet=&#8220;380px&#8220; max_width_phone=&#8220;&#8220; max_width_last_edited=&#8220;on|desktop&#8220; module_alignment=&#8220;center&#8220; global_colors_info=&#8220;{}&#8220;][\/et_pb_divider][\/et_pb_column][\/et_pb_row][\/et_pb_section][et_pb_section fb_built=&#8220;1&#8243; _builder_version=&#8220;4.27.0&#8243; _module_preset=&#8220;default&#8220; custom_padding=&#8220;40px||60px||false|false&#8220; bottom_divider_style=&#8220;wave2&#8243; bottom_divider_color=&#8220;#F4F8FA&#8220; bottom_divider_height=&#8220;50px&#8220; global_colors_info=&#8220;{}&#8220;][et_pb_row _builder_version=&#8220;4.27.0&#8243; _module_preset=&#8220;default&#8220; global_colors_info=&#8220;{}&#8220;][et_pb_column type=&#8220;4_4&#8243; _builder_version=&#8220;4.27.0&#8243; _module_preset=&#8220;default&#8220; global_colors_info=&#8220;{}&#8220;][et_pb_text _builder_version=&#8220;4.27.4&#8243; _module_preset=&#8220;default&#8220; hover_enabled=&#8220;0&#8243; global_colors_info=&#8220;{}&#8220; sticky_enabled=&#8220;0&#8243;]<\/p>\n<p>Stand der \u00dcberarbeitung: 30. Juni 2024<\/p>\n<p><strong>Elligo Health Research, Inc. <\/strong>(\u201e<strong>Elligo<\/strong>\u201d \u201e<strong>wir<\/strong>\u201c oder \u201e<strong>uns<\/strong>\u201c) unterst\u00fctzt das Auftragsforschungsinstitut <strong>PPD, eine Gesellschaft von Thermo Fisher Scientific<\/strong> (\u201e<strong>PPD<\/strong>\u201c), bei der Bereitstellung bestimmter Dienste, die unter anderem Werbung und Teilnehmerrekrutierung sowie die Unterst\u00fctzung von Pr\u00fcfzentren und das Hosting der Website f\u00fcr die Studie <strong>DEEp OCEAN<\/strong> umfassen k\u00f6nnen (zusammen als \u201e<strong>Dienste<\/strong>\u201c bezeichnet), im Auftrag des Sponsors der Studie <strong>DEEp OCEAN<\/strong>, <strong>Longboard Pharmaceuticals, Inc.<\/strong> (\u201e<strong>Longboard<\/strong>\u201c). <strong>Longboard<\/strong> ist der datenschutzrechtlich Verantwortliche f\u00fcr die im Rahmen der Studie <strong>DEEp OCEAN<\/strong> verarbeiteten personenbezogenen Daten.<\/p>\n<p>Diese Richtlinie beschreibt, wie und warum Elligo auf dieser Website www.DEEpdeestudy.global im Namen des Datenverantwortlichen <strong>Longboard<\/strong> Cookies verwendet.<\/p>\n<p>[\/et_pb_text][et_pb_heading title=&#8220;Was sind Cookies?&#8220; _builder_version=&#8220;4.27.0&#8243; _module_preset=&#8220;default&#8220; title_level=&#8220;h2&#8243; title_font=&#8220;|700|||||||&#8220; custom_margin=&#8220;||0px||false|false&#8220; global_colors_info=&#8220;{}&#8220;][\/et_pb_heading][et_pb_text _builder_version=&#8220;4.27.4&#8243; _module_preset=&#8220;default&#8220; global_colors_info=&#8220;{}&#8220;]Ein Cookie ist ein kleines Datenpaket (Textdatei), das eine Website oder App, die Sie besuchen bzw. benutzen, \u00fcber Ihren Browser auf Ihrem Ger\u00e4t ablegt, um sich Informationen \u00fcber Sie zu merken, z. B., ob Sie der Verwendung von Cookies zugestimmt haben oder nicht. Wenn diese Cookies von uns gesetzt werden, werden sie als Erstanbieter-Cookies bezeichnet.  <\/p>\n<p>Wir verwenden auch sogenannte Drittanbieter-Cookies \u2013 das sind Cookies von einer anderen Dom\u00e4ne als der Dom\u00e4ne der Website, die Sie besuchen, oder einer Dom\u00e4ne, die nicht von uns betrieben wird \u2013 zum Beispiel f\u00fcr Marketing- und Werbezwecke.[\/et_pb_text][et_pb_heading title=&#8220;Wie wir Cookies verwenden&#8220; _builder_version=&#8220;4.27.0&#8243; _module_preset=&#8220;default&#8220; title_level=&#8220;h2&#8243; title_font=&#8220;|700|||||||&#8220; custom_margin=&#8220;||0px||false|false&#8220; global_colors_info=&#8220;{}&#8220;][\/et_pb_heading][et_pb_text _builder_version=&#8220;4.27.4&#8243; _module_preset=&#8220;default&#8220; global_colors_info=&#8220;{}&#8220;]Diese Website verwendet zwei Arten von Cookies: dauerhafte Cookies und Sitzungs-Cookies. <strong>Dauerhafte<\/strong> Cookies sind Cookies, die f\u00fcr einen bestimmten Zeitraum (wie in der Tabelle unten angegeben) auf Ihrem Ger\u00e4t verbleiben oder bis Sie sie manuell l\u00f6schen oder ihnen widersprechen. <strong>Sitzungs<\/strong>-Cookies sind Cookies, die am Ende der Browsersitzung verfallen (z. B. wenn Sie unsere Website verlassen und Ihren Browser schlie\u00dfen).<\/p>\n<p>Wir nutzen <strong>unbedingt erforderliche<\/strong> Cookies, um (i) Sie als wiederkehrenden Benutzer zu erkennen, (ii) unsere Website zu sch\u00fctzen und sie Ihnen bereitzustellen (z. B. zur Formatierung der Website oder zum Schutz unserer Website vor b\u00f6swilligen Angriffen) und (iii) einige Ihrer Pr\u00e4ferenzen zu speichern (z. B. Cookie- und Spracheinstellungen).   <\/p>\n<p>Wir nutzen <strong>nicht-essenzielle (nicht unbedingt erforderliche) Cookies<\/strong>, um (i) Ihnen zielgerichtete Werbung auf der Grundlage Ihres Browsingverhaltens auszuspielen und (ii) den Datenverkehr und andere Kennzahlen auf unserer Website zu beobachten und zu analysieren, was uns hilft, unsere Website und Ihre Benutzererfahrung insgesamt zu verbessern. Wir verwenden nicht-essenzielle Cookies nur dann, wenn wir Ihre Einwilligung dazu haben (siehe unten).   <\/p>\n<p>Cookies k\u00f6nnen <strong>Erstanbieter<\/strong>&#8211; oder <strong>Drittanbieter<\/strong>-Cookies sein, was bedeutet, dass sie entweder von uns (Erstanbieter) oder von einer anderen Partei (Drittanbieter) gesetzt werden. Bitte beachten Sie, dass die Interaktion mit den Cookies von Drittanbietern auf unserer Website den Datenschutz- und Cookie-Richtlinien des jeweiligen Drittanbieters unterliegen, wie nachstehend aufgef\u00fchrt. <\/p>\n<p>Weitere Informationen zu den von uns verwendeten Arten von Cookies finden Sie weiter unten.[\/et_pb_text][et_pb_heading title=&#8220;Umgang mit Cookies&#8220; _builder_version=&#8220;4.27.0&#8243; _module_preset=&#8220;default&#8220; title_level=&#8220;h2&#8243; title_font=&#8220;|700|||||||&#8220; custom_margin=&#8220;||0px||false|false&#8220; global_colors_info=&#8220;{}&#8220;][\/et_pb_heading][et_pb_text _builder_version=&#8220;4.27.4&#8243; _module_preset=&#8220;default&#8220; global_colors_info=&#8220;{}&#8220;]<\/p>\n<p>Bei Ihrem ersten Besuch auf unserer Website und danach alle sechs Monate sehen Sie auf der Startseite ein Cookie-Banner, das Sie dar\u00fcber informiert, warum Cookies verwendet werden, und Sie auffordert, den verschiedenen nicht-essenziellen Cookies zuzustimmen, sofern Sie in deren Verwendung einwilligen, indem Sie \u201eAnnehmen\u201c w\u00e4hlen. Wenn Sie nicht zustimmen, k\u00f6nnen Sie ausw\u00e4hlen, welche davon Sie ablehnen oder annehmen m\u00f6chten, oder Sie k\u00f6nnen sich insgesamt f\u00fcr \u201eAblehnen\u201c entscheiden. <\/p>\n<p>Sie k\u00f6nnen Ihre Cookie-Einstellungen \u00fcber das Cookies-Banner \u00e4ndern. Dort haben Sie die M\u00f6glichkeit, sich f\u00fcr oder gegen die Verwendung nicht-essenzieller Cookies auf Ihrem Ger\u00e4t zu entscheiden. Sie k\u00f6nnen Ihre Cookie-Einstellungen aber auch jederzeit \u00fcber die folgende Schaltfl\u00e4che aktualisieren: <\/p>\n<p>[\/et_pb_text][et_pb_code _builder_version=&#8220;4.27.0&#8243; _module_preset=&#8220;default&#8220; global_colors_info=&#8220;{}&#8220;][wcc_preference_button][\/et_pb_code][et_pb_text _builder_version=&#8220;4.27.4&#8243; _module_preset=&#8220;default&#8220; global_colors_info=&#8220;{}&#8220;]Bitte beachten Sie, dass Sie erforderliche Cookies nicht deaktivieren k\u00f6nnen, da von ihnen die Funktionalit\u00e4t der Website abh\u00e4ngt und Sie nur mit ihnen die verschiedenen Merkmale und Funktionen nutzen k\u00f6nnen.[\/et_pb_text][et_pb_heading title=&#8220;Arten verwendeter Cookies&#8220; _builder_version=&#8220;4.27.0&#8243; _module_preset=&#8220;default&#8220; title_level=&#8220;h2&#8243; title_font=&#8220;|700|||||||&#8220; custom_margin=&#8220;||0px||false|false&#8220; global_colors_info=&#8220;{}&#8220;][\/et_pb_heading][et_pb_text _builder_version=&#8220;4.24.2&#8243; _module_preset=&#8220;default&#8220; header_2_text_color=&#8220;#691F45&#8243; custom_padding=&#8220;1px|||||&#8220; custom_css_main_element=&#8220;overflow-x: auto;&#8220; global_colors_info=&#8220;{}&#8220; theme_builder_area=&#8220;post_content&#8220;]<\/p>\n<table border=\"1\" style=\"border-collapse: collapse; width: 100%;\">\n<tbody>\n<tr>\n<td style=\"width: 15.9585%;\">\n  <strong>Anbieter<\/strong>\n<\/td>\n<td style=\"width: 1.21359%;\">\n  <strong>Name des Cookies<\/strong>\n<\/td>\n<td style=\"width: 17.5261%;\">\n  <strong>Sitzungs- oder dauerhaftes Cookie <\/strong>\n<\/td>\n<td style=\"width: 47.568%;\">\n  <strong>Zweck<\/strong>\n<\/td>\n<td style=\"width: 40.0688%;\">\n  <strong>Lebensdauer<\/strong>\n<\/td>\n<\/tr>\n<tr>\n<td style=\"text-align: center;\" colspan=\"5\">\n<h3 style=\"padding: 4px 0;\">Erforderliche Cookies<\/h3>\n<\/td>\n<\/tr>\n<tr>\n<td style=\"width: 15.9585%;\"><em>Elligo<\/em><\/td>\n<td style=\"width: 1.21359%;\">PHPSESSID<\/td>\n<td style=\"width: 17.5261%;\">Sitzung<\/td>\n<td style=\"width: 47.568%;\">Dieses Cookies ist nativ f\u00fcr PHP-Anwendungen. Dieses Cookie dient dazu, die eindeutige Sitzungs-ID eines Benutzers zu speichern und zu identifizieren, um die Websitebesuchssitzung des Benutzers zu verwalten. Es handelt sich um ein Sitzungs-Cookie, das gel\u00f6scht wird, sobald alle Browserfenster geschlossen werden.  <\/td>\n<td style=\"width: 40.0688%;\">Sitzung<\/td>\n<\/tr>\n<tr>\n<td style=\"width: 15.9585%;\"><em>Elligo<\/em><\/td>\n<td style=\"width: 1.21359%;\">viewed_cookie_policy<\/td>\n<td style=\"width: 17.5261%;\">Dauerhaft<\/td>\n<td style=\"width: 47.568%;\">Dieses Cookies wird durch das Plugin f\u00fcr die DSGVO-Cookie-Einwilligung gesetzt und dient dazu, zu speichern, ob ein Benutzer der Verwendung von Cookies zugestimmt hat oder nicht. Es speichert keine personenbezogenen Daten. <\/td>\n<td style=\"width: 40.0688%;\">6 Monate<\/td>\n<\/tr>\n<tr>\n<td style=\"width: 15.9585%;\"><em>Elligo<\/em><\/td>\n<td style=\"width: 1.21359%;\">CookieLawInfoConsent<\/td>\n<td style=\"width: 17.5261%;\">Dauerhaft<\/td>\n<td style=\"width: 47.568%;\">CookieYes setzt dieses Cookie, um den Standardzustand der Schaltfl\u00e4che der entsprechenden Kategorie und den CCPA-Status festzuhalten. Dies funktioniert nur in Abstimmung mit dem prim\u00e4ren Cookie. <\/td>\n<td style=\"width: 40.0688%;\">1 Jahr<\/td>\n<\/tr>\n<tr>\n<td style=\"width: 15.9585%;\"><em>Elligo<\/em><\/td>\n<td style=\"width: 1.21359%;\">cookielawinfo-checkbox-necessary<\/td>\n<td style=\"width: 17.5261%;\">Dauerhaft<\/td>\n<td style=\"width: 47.568%;\">Dieses Cookie wird durch das Plugin f\u00fcr die DSGVO-Cookie-Einwilligung gesetzt und dient dazu, zu speichern, ob ein Benutzer der Verwendung von Cookies der Kategorie \u201eErforderlich\u201c zugestimmt hat oder nicht. <\/td>\n<td style=\"width: 40.0688%;\">1 Jahr<\/td>\n<\/tr>\n<tr>\n<td style=\"width: 15.9585%;\">\n  <em>Elligo<\/em>\n<\/td>\n<td style=\"width: 1.21359%;\">cookielawinfo-checkbox-functional<\/td>\n<td style=\"width: 17.5261%;\">Dauerhaft<\/td>\n<td style=\"width: 47.568%;\">Dieses Cookie wird durch das Plugin f\u00fcr die DSGVO-Cookie-Einwilligung gesetzt und dient dazu, zu speichern, ob ein Benutzer der Verwendung von Cookies der Kategorie \u201eFunktional\u201c zugestimmt hat oder nicht.<\/td>\n<td style=\"width: 40.0688%;\">1 Jahr<\/td>\n<\/tr>\n<tr>\n<td style=\"width: 15.9585%;\"><em>Elligo<\/em><\/td>\n<td style=\"width: 1.21359%;\">cookielawinfo-checkbox-performance<\/td>\n<td style=\"width: 17.5261%;\">Dauerhaft<\/td>\n<td style=\"width: 47.568%;\">Dieses Cookie wird durch das Plugin f\u00fcr die DSGVO-Cookie-Einwilligung gesetzt und dient dazu, zu speichern, ob ein Benutzer der Verwendung von Cookies der Kategorie \u201ePerformance\u201c zugestimmt hat oder nicht. <\/td>\n<td style=\"width: 40.0688%;\">1 Jahr<\/td>\n<\/tr>\n<tr>\n<td style=\"width: 15.9585%;\"><em>Elligo<\/em><\/td>\n<td style=\"width: 1.21359%;\">cookielawinfo-checkbox-analytics<\/td>\n<td style=\"width: 17.5261%;\">Dauerhaft<\/td>\n<td style=\"width: 47.568%;\">Dieses Cookie wird durch das WordPress-Plugin f\u00fcr die DSGVO-Cookie-Einwilligung gesetzt und dient dazu, zu speichern, ob ein Benutzer der Verwendung von Cookies der Kategorie \u201eAnalyse\u201c zugestimmt hat oder nicht. <\/td>\n<td style=\"width: 40.0688%;\">1 Jahr<\/td>\n<\/tr>\n<tr>\n<td style=\"width: 15.9585%;\">\n  <em>Elligo<\/em>\n<\/td>\n<td style=\"width: 1.21359%;\">cookielawinfo-checkbox-advertisement<\/td>\n<td style=\"width: 17.5261%;\">Dauerhaft<\/td>\n<td style=\"width: 47.568%;\">Dieses Cookie wird durch das Plugin f\u00fcr die DSGVO-Cookie-Einwilligung gesetzt und dient dazu, zu speichern, ob ein Benutzer der Verwendung von Cookies der Kategorie \u201eWerbung\u201c zugestimmt hat oder nicht.<\/td>\n<td style=\"width: 40.0688%;\">1 Jahr<\/td>\n<\/tr>\n<tr>\n<td style=\"width: 15.9585%;\"><em>Elligo<\/em><\/td>\n<td style=\"width: 1.21359%;\">cookielawinfo-checkbox-others<\/td>\n<td style=\"width: 17.5261%;\">Dauerhaft<\/td>\n<td style=\"width: 47.568%;\">Dieses Cookie wird durch das Plugin f\u00fcr die DSGVO-Cookie-Einwilligung gesetzt und dient dazu, zu speichern, ob ein Benutzer der Verwendung von Cookies der Kategorie \u201eSonstige\u201c zugestimmt hat oder nicht. <\/td>\n<td style=\"width: 40.0688%;\">1 Jahr<\/td>\n<\/tr>\n<tr>\n<td style=\"width: 15.9585%;\">\n  <em>Elligo<\/em>\n<\/td>\n<td style=\"width: 1.21359%;\">selected_language_url<\/td>\n<td style=\"width: 17.5261%;\">Dauerhaft<\/td>\n<td style=\"width: 47.568%;\">Dieses Cookie wird verwendet, um die Sprache anzuzeigen, die ein Benutzer auf der Website ausgew\u00e4hlt hat.<\/td>\n<td style=\"width: 40.0688%;\">6 Monate<\/td>\n<\/tr>\n<tr>\n<td style=\"width: 15.9585%;\">\n  <em>WPML<\/em>\n<\/td>\n<td style=\"width: 1.21359%;\">wp-wpml_current_language<\/td>\n<td style=\"width: 17.5261%;\">Dauerhaft<\/td>\n<td style=\"width: 47.568%;\">Dieses Cookie wird vom WPML-Plugin gesetzt, um die Sprachauswahl des aktuellen Benutzers zu speichern.<\/td>\n<td style=\"width: 40.0688%;\">24 Stunden<\/td>\n<\/tr>\n<tr>\n<td style=\"width: 15.9585%;\">\n  <em>Matomo<\/em>\n<\/td>\n<td style=\"width: 1.21359%;\">matomo_sessid<\/td>\n<td style=\"width: 17.5261%;\">Sitzung<\/td>\n<td style=\"width: 47.568%;\">Dieses Cookie enth\u00e4lt keine Daten, die zur Identifizierung von Besuchern dienen, z\u00e4hlt aber zu den erforderlichen Cookies.<\/td>\n<td style=\"width: 40.0688%;\">14 Tage<\/td>\n<\/tr>\n<tr>\n<td style=\"text-align: center;\" colspan=\"5\">\n<h3 style=\"padding: 4px 0;\">Nicht-essenzielle Cookies<\/h3>\n<\/td>\n<\/tr>\n<tr>\n<td style=\"width: 15.9585%;\">\n  <em>AppFromLab<\/em>\n<\/td>\n<td style=\"width: 1.21359%;\">afl_wc_utm_sess_referer<\/td>\n<td style=\"width: 17.5261%;\">Sitzung<\/td>\n<td style=\"width: 47.568%;\">Dieses vom AFL-UTM-Tracker-Plugin gesetzte Cookie speichert den ersten Website-Referrer des Benutzers.<\/td>\n<td style=\"width: 40.0688%;\">Sitzung<\/td>\n<\/tr>\n<tr>\n<td style=\"width: 15.9585%;\">\n  <em>AppFromLab<\/em>\n<\/td>\n<td style=\"width: 1.21359%;\">afl_wc_utm_cookie_expiry<\/td>\n<td style=\"width: 17.5261%;\">Dauerhaft<\/td>\n<td style=\"width: 47.568%;\">Dieses vom AFL-UTM-Tracker-Plugin gesetzte Cookie speichert die Information, wie viele Tage nach dem letzten Besuch des Benutzers die vom AFL-UTM-Tracker-Plugin gesetzten Cookies ablaufen sollen.<\/td>\n<td style=\"width: 40.0688%;\">90 Tage<\/td>\n<\/tr>\n<tr>\n<td style=\"width: 15.9585%;\">\n  <em>AppFromLab<\/em>\n<\/td>\n<td style=\"width: 1.21359%;\">afl_wc_utm_sess_visit<\/td>\n<td style=\"width: 17.5261%;\">Sitzung<\/td>\n<td style=\"width: 47.568%;\">Dieses vom AFL-UTM-Tracker-Plugin gesetzte Cookie speichert den Zeitstempel des ersten Besuchs des Benutzers auf der Landing-Page.<\/td>\n<td style=\"width: 40.0688%;\">Sitzung<\/td>\n<\/tr>\n<tr>\n<td style=\"width: 15.9585%;\">\n  <em>AppFromLab<\/em>\n<\/td>\n<td style=\"width: 1.21359%;\">afl_wc_utm_sess_landing<\/td>\n<td style=\"width: 17.5261%;\">Sitzung<\/td>\n<td style=\"width: 47.568%;\">Dieses vom AFL-UTM-Tracker-Plugin gesetzte Cookie speichert die URL der ersten Landing-Page des Benutzers.<\/td>\n<td style=\"width: 40.0688%;\">Sitzung<\/td>\n<\/tr>\n<tr>\n<td style=\"width: 15.9585%;\">\n  <em>AppFromLab<\/em>\n<\/td>\n<td style=\"width: 1.21359%;\">afl_wc_utm_main<\/td>\n<td style=\"width: 17.5261%;\">Sitzung<\/td>\n<td style=\"width: 47.568%;\">Dieses vom AFL-UTM-Tracker-Plugin gesetzte Cookie speichert den Zeitstempel der letzten aktualisierten Serverkommunikation.<\/td>\n<td style=\"width: 40.0688%;\">Sitzung<\/td>\n<\/tr>\n<tr>\n<td style=\"width: 15.9585%;\">\n  <em>Cloudflare<\/em>\n<\/td>\n<td style=\"width: 1.21359%;\">__cf_bm<\/td>\n<td style=\"width: 17.5261%;\">Dauerhaft<\/td>\n<td style=\"width: 47.568%;\">CloudFlare setzt dieses Cookie, um das CloudFlare Bot Management zu unterst\u00fctzen.<\/td>\n<td style=\"width: 40.0688%;\">30 Minuten<\/td>\n<\/tr>\n<tr>\n<td style=\"width: 15.9585%;\">\n  <em>Matomo<\/em>\n<\/td>\n<td style=\"width: 1.21359%;\">_pk_id*<\/td>\n<td style=\"width: 17.5261%;\">Dauerhaft<\/td>\n<td style=\"width: 47.568%;\">Wird zum Speichern einiger Details \u00fcber den Benutzer verwendet, wie z. B. die eindeutige Besucher-ID.<\/td>\n<td style=\"width: 40.0688%;\">13 Monate<\/td>\n<\/tr>\n<tr>\n<td style=\"width: 15.9585%;\">\n  <em>Matomo<\/em>\n<\/td>\n<td style=\"width: 1.21359%;\">_pk_ref*<\/td>\n<td style=\"width: 17.5261%;\">Dauerhaft<\/td>\n<td style=\"width: 47.568%;\">Wird zum Speichern von Zuordnungsinformationen verwendet.<\/td>\n<td style=\"width: 40.0688%;\">6 Monate<\/td>\n<\/tr>\n<tr>\n<td style=\"width: 15.9585%;\">\n  <em>Matomo<\/em>\n<\/td>\n<td style=\"width: 1.21359%;\">_pk_ses*<\/td>\n<td style=\"width: 17.5261%;\">Sitzung<\/td>\n<td style=\"width: 47.568%;\">Wird zum Speichern eindeutiger Sitzungs-IDs verwendet.<\/td>\n<td style=\"width: 40.0688%;\">30 Minuten<\/td>\n<\/tr>\n<tr>\n<td style=\"width: 15.9585%;\">\n  <em>Matomo<\/em>\n<\/td>\n<td style=\"width: 1.21359%;\">_pk_cvar<\/td>\n<td style=\"width: 17.5261%;\">Sitzung<\/td>\n<td style=\"width: 47.568%;\">Enth\u00e4lt benutzerdefinierte Variablen, die beim vorherigen Seitenaufruf festgelegt wurden.<\/td>\n<td style=\"width: 40.0688%;\">30 Minuten<\/td>\n<\/tr>\n<tr>\n<td style=\"width: 15.9585%;\">\n  <em>Matomo<\/em>\n<\/td>\n<td style=\"width: 1.21359%;\">_pk_hsr<\/td>\n<td style=\"width: 17.5261%;\">Sitzung<\/td>\n<td style=\"width: 47.568%;\">Kurzfristiges Cookie f\u00fcr das Website-Heatmapping. <\/td>\n<td style=\"width: 40.0688%;\">30 Minuten<\/td>\n<\/tr>\n<tr>\n<td style=\"width: 15.9585%;\"><em>Matomo<\/em><\/td>\n<td style=\"width: 1.21359%;\">_pk_testcookie<\/td>\n<td style=\"width: 17.5261%;\">Sitzung<\/td>\n<td style=\"width: 47.568%;\">Wird verwendet, um zu \u00fcberpr\u00fcfen, ob der Browser des Besuchers Cookies unterst\u00fctzt.<\/td>\n<td style=\"width: 40.0688%;\">&lt;5 Minuten<\/td>\n<\/tr>\n<tr>\n<td style=\"width: 15.9585%;\">\n  <em>Matomo<\/em>\n<\/td>\n<td style=\"width: 1.21359%;\">mtm_consent or mtm_consent_removed<\/td>\n<td style=\"width: 17.5261%;\">Dauerhaft<\/td>\n<td style=\"width: 47.568%;\">Wird erstellt, um die Information zu speichern, dass der Benutzer seine Einwilligung erteilt (oder widerrufen) hat.<\/td>\n<td style=\"width: 40.0688%;\">2 Jahre<\/td>\n<\/tr>\n<tr>\n<td style=\"width: 15.9585%;\">\n  <em>Matomo<\/em>\n<\/td>\n<td style=\"width: 1.21359%;\">mtm_cookie_consent<\/td>\n<td style=\"width: 17.5261%;\">Dauerhaft<\/td>\n<td style=\"width: 47.568%;\">Wird verwendet, um die Information zu speichern, dass der Benutzer seine Einwilligung zur Speicherung und Verwendung von Cookies erteilt hat.<\/td>\n<td style=\"width: 40.0688%;\">2 Jahre<\/td>\n<\/tr>\n<tr>\n<td style=\"width: 15.9585%;\">\n  <em>Matomo<\/em>\n<\/td>\n<td style=\"width: 1.21359%;\">Matomo_ignore<\/td>\n<td style=\"width: 17.5261%;\">Dauerhaft<\/td>\n<td style=\"width: 47.568%;\">Wird erstellt, wenn der Benutzer die Nachverfolgung ablehnt.<\/td>\n<td style=\"width: 40.0688%;\">30 Jahre<\/td>\n<\/tr>\n<tr>\n<td style=\"width: 15.9585%;\">\n  <em>Google<\/em>\n<\/td>\n<td style=\"width: 1.21359%;\">__gads<\/td>\n<td style=\"width: 1.21359%;\">Dauerhaft<\/td>\n<td style=\"width: 47.568%;\">Google verwendet Cookies f\u00fcr Werbezwecke, unter anderem um Werbung bereitzustellen und wiederzugeben, Werbeanzeigen zu personalisieren (je nach Ihren Werbeeinstellungen unter <a href=\"https:\/\/g.co\/adsettings\" target=\"_blank\" rel=\"noreferrer noopener\">g.co\/adsettings<\/a>), zu begrenzen, wie oft einem Besucher eine Anzeige ausgespielt wird, Werbeanzeigen auszublenden, die Sie blockiert haben, und die Effektivit\u00e4t von Werbeanzeigen zu messen.<\/td>\n<td style=\"width: 40.0688%;\">13 Monate<\/td>\n<\/tr>\n<tr>\n<td style=\"width: 15.9585%;\">\n  <em>Google<\/em>\n<\/td>\n<td style=\"width: 1.21359%;\">_gcl_au,_gcl_aw<\/td>\n<td style=\"width: 17.5261%;\">Dauerhaft<\/td>\n<td style=\"width: 47.568%;\">Google verwendet Cookies f\u00fcr Werbezwecke, unter anderem um Werbung bereitzustellen und wiederzugeben, Werbeanzeigen zu personalisieren (je nach Ihren Werbeeinstellungen unter <a href=\"https:\/\/g.co\/adsettings\" target=\"_blank\" rel=\"noreferrer noopener\">g.co\/adsettings<\/a>), zu begrenzen, wie oft einem Besucher eine Anzeige ausgespielt wird, Werbeanzeigen auszublenden, die Sie blockiert haben, und die Effektivit\u00e4t von Werbeanzeigen zu messen.<\/td>\n<td style=\"width: 40.0688%;\">90 Tage<\/td>\n<\/tr>\n<\/tbody>\n<\/table>\n<p>[\/et_pb_text][et_pb_heading title=&#8220;Kontakt&#8220; _builder_version=&#8220;4.27.0&#8243; _module_preset=&#8220;default&#8220; title_level=&#8220;h2&#8243; title_font=&#8220;|700|||||||&#8220; custom_margin=&#8220;||0px||false|false&#8220; global_colors_info=&#8220;{}&#8220;][\/et_pb_heading][et_pb_text _builder_version=&#8220;4.27.4&#8243; _module_preset=&#8220;default&#8220; global_colors_info=&#8220;{}&#8220;]<\/p>\n<p>F\u00fcr weitere Informationen zur Verwendung von Cookies auf unserer Website kontaktieren Sie uns gern unter:<\/p>\n<p>Elligo Health Research, Inc. <br \/>11612 Bee Cave Rd <br \/>Building 1 Suite 150<br \/>Austin, TX 78738, USA.<\/p>\n<p>Datenschutzbeauftragter (DPO)<br \/>\n  <a href=\"mailto:privacy@elligodirect.com\">privacy@elligodirect.com<\/a>\n<\/p>\n<p>Weitere Informationen zu unserem Umgang mit personenbezogenen Daten in Verbindung mit der Verwendung von Cookies finden Sie hier: <a href=\"https:\/\/deepdeestudy.global\/de-de\/datenschutzrichtlinie\/\">Datenschutzrichtlinie<\/a><\/p>\n<p>[\/et_pb_text][\/et_pb_column][\/et_pb_row][\/et_pb_section]<\/p>\n","protected":false},"excerpt":{"rendered":"<p>Stand der \u00dcberarbeitung: 30. Juni 2024 Elligo Health Research, Inc. (\u201eElligo\u201d \u201ewir\u201c oder \u201euns\u201c) unterst\u00fctzt das Auftragsforschungsinstitut PPD, eine Gesellschaft von Thermo Fisher Scientific (\u201ePPD\u201c), bei der Bereitstellung bestimmter Dienste, die unter anderem Werbung und Teilnehmerrekrutierung sowie die Unterst\u00fctzung von Pr\u00fcfzentren und das Hosting der Website f\u00fcr die Studie DEEp OCEAN umfassen k\u00f6nnen (zusammen als [&hellip;]<\/p>\n","protected":false},"author":2,"featured_media":0,"parent":0,"menu_order":0,"comment_status":"closed","ping_status":"closed","template":"","meta":{"_et_pb_use_builder":"on","_et_pb_old_content":"","_et_gb_content_width":"","footnotes":""},"class_list":["post-483","page","type-page","status-publish","hentry"],"_links":{"self":[{"href":"https:\/\/deepdeestudy.global\/de-de\/wp-json\/wp\/v2\/pages\/483","targetHints":{"allow":["GET"]}}],"collection":[{"href":"https:\/\/deepdeestudy.global\/de-de\/wp-json\/wp\/v2\/pages"}],"about":[{"href":"https:\/\/deepdeestudy.global\/de-de\/wp-json\/wp\/v2\/types\/page"}],"author":[{"embeddable":true,"href":"https:\/\/deepdeestudy.global\/de-de\/wp-json\/wp\/v2\/users\/2"}],"replies":[{"embeddable":true,"href":"https:\/\/deepdeestudy.global\/de-de\/wp-json\/wp\/v2\/comments?post=483"}],"version-history":[{"count":0,"href":"https:\/\/deepdeestudy.global\/de-de\/wp-json\/wp\/v2\/pages\/483\/revisions"}],"wp:attachment":[{"href":"https:\/\/deepdeestudy.global\/de-de\/wp-json\/wp\/v2\/media?parent=483"}],"curies":[{"name":"wp","href":"https:\/\/api.w.org\/{rel}","templated":true}]}}