{"id":340,"date":"2024-08-20T19:15:50","date_gmt":"2024-08-20T19:15:50","guid":{"rendered":"https:\/\/deepdeeousstg.wpenginepowered.com\/politica-de-cookies\/"},"modified":"2026-03-26T13:25:34","modified_gmt":"2026-03-26T13:25:34","slug":"politica-de-cookies","status":"publish","type":"page","link":"https:\/\/deepdeestudy.global\/es-mx\/politica-de-cookies\/","title":{"rendered":"Pol\u00edtica de cookies"},"content":{"rendered":"<p>[et_pb_section fb_built=&#8221;1&#8243; _builder_version=&#8221;4.27.0&#8243; _module_preset=&#8221;default&#8221; background_color=&#8221;#213A70&#8243; global_colors_info=&#8221;{}&#8221;][et_pb_row custom_padding_last_edited=&#8221;on|phone&#8221; _builder_version=&#8221;4.27.0&#8243; _module_preset=&#8221;default&#8221; custom_padding=&#8221;20px||20px||true|false&#8221; custom_padding_tablet=&#8221;20px||20px||true|false&#8221; custom_padding_phone=&#8221;0px||0px||true|false&#8221; global_colors_info=&#8221;{}&#8221;][et_pb_column type=&#8221;4_4&#8243; _builder_version=&#8221;4.27.0&#8243; _module_preset=&#8221;default&#8221; global_colors_info=&#8221;{}&#8221;][et_pb_heading title=&#8221;Pol\u00edtica de cookies&#8221; _builder_version=&#8221;4.27.0&#8243; _module_preset=&#8221;default&#8221; title_font=&#8221;|600|||||||&#8221; title_text_align=&#8221;center&#8221; title_text_color=&#8221;#FFFFFF&#8221; title_font_size=&#8221;42px&#8221; custom_margin=&#8221;||16px||false|false&#8221; custom_margin_tablet=&#8221;||16px||false|false&#8221; custom_margin_phone=&#8221;||10px||false|false&#8221; custom_margin_last_edited=&#8221;on|phone&#8221; title_font_size_tablet=&#8221;36px&#8221; title_font_size_phone=&#8221;32px&#8221; title_font_size_last_edited=&#8221;on|phone&#8221; global_colors_info=&#8221;{}&#8221;][\/et_pb_heading][et_pb_divider color=&#8221;#FFFFFF&#8221; divider_weight=&#8221;1.5px&#8221; _builder_version=&#8221;4.27.0&#8243; _module_preset=&#8221;default&#8221; max_width=&#8221;380px&#8221; max_width_tablet=&#8221;380px&#8221; max_width_phone=&#8221;&#8221; max_width_last_edited=&#8221;on|desktop&#8221; module_alignment=&#8221;center&#8221; global_colors_info=&#8221;{}&#8221;][\/et_pb_divider][\/et_pb_column][\/et_pb_row][\/et_pb_section][et_pb_section fb_built=&#8221;1&#8243; _builder_version=&#8221;4.27.0&#8243; _module_preset=&#8221;default&#8221; custom_padding=&#8221;40px||60px||false|false&#8221; bottom_divider_style=&#8221;wave2&#8243; bottom_divider_color=&#8221;#F4F8FA&#8221; bottom_divider_height=&#8221;50px&#8221; global_colors_info=&#8221;{}&#8221;][et_pb_row _builder_version=&#8221;4.27.0&#8243; _module_preset=&#8221;default&#8221; global_colors_info=&#8221;{}&#8221;][et_pb_column type=&#8221;4_4&#8243; _builder_version=&#8221;4.27.0&#8243; _module_preset=&#8221;default&#8221; global_colors_info=&#8221;{}&#8221;][et_pb_text _builder_version=&#8221;4.27.5&#8243; _module_preset=&#8221;default&#8221; hover_enabled=&#8221;0&#8243; global_colors_info=&#8221;{}&#8221; sticky_enabled=&#8221;0&#8243;]<\/p>\n<p>\u00daltima actualizaci\u00f3n: 30 de junio de 2024<\/p>\n<p><strong>Elligo Health Research, Inc.<\/strong> (\u201c<strong>Elligo<\/strong>\u201d o \u201c<strong>nos<\/strong><strong>otros<\/strong>\u201d) est\u00e1 ayudando a la Organizaci\u00f3n de Investigaci\u00f3n Cl\u00ednica (CRO) <strong>PPD, parte de Thermo Fisher Scientific<\/strong> (\u201c<strong>PPD<\/strong>\u201d) en la prestaci\u00f3n de ciertos servicios, que podr\u00edan incluir publicidad del estudio, reclutamiento para el estudio, asistencia al centro del estudio y alojamiento del sitio web del estudio <strong>DEEp OCEAN<\/strong> (los \u201c<strong>Servicios<\/strong>\u201d) en nombre del Patrocinador del estudio <strong>DEEp OCEAN<\/strong>, <strong>Longboard Pharmaceuticals, Inc.<\/strong> (&#8220;<strong>Longboard<\/strong>&#8220;). <strong>Longboard<\/strong> es el controlador de datos de los datos personales procesados para el estudio DEEp OCEAN.<\/p>\n<p>Esta pol\u00edtica describe c\u00f3mo y por qu\u00e9 Elligo utiliza cookies en este sitio web www.deepdeestudy.global en nombre del Controlador de Datos, <strong>Longboard<\/strong>.<\/p>\n<p>[\/et_pb_text][et_pb_heading title=&#8221;\u00bfQu\u00e9 son las cookies?&#8221; _builder_version=&#8221;4.27.0&#8243; _module_preset=&#8221;default&#8221; title_level=&#8221;h2&#8243; title_font=&#8221;|700|||||||&#8221; custom_margin=&#8221;||0px||false|false&#8221; global_colors_info=&#8221;{}&#8221;][\/et_pb_heading][et_pb_text _builder_version=&#8221;4.27.4&#8243; _module_preset=&#8221;default&#8221; global_colors_info=&#8221;{}&#8221;]Una cookie es una peque\u00f1a fracci\u00f3n de datos (archivo de texto) que un sitio web o una aplicaci\u00f3n \u2015cuando un usuario lo visita\u2015 le pide a su navegador que almacene en su dispositivo para recordar informaci\u00f3n sobre usted, como, por ejemplo, si ha dado o no su consentimiento para nuestro uso de cookies. Esas cookies son configuradas por nosotros y se denominan cookies propias.  <\/p>\n<p>Tambi\u00e9n utilizamos cookies de terceros, estas son cookies de un dominio diferente al dominio del sitio web que est\u00e1 visitando o de un dominio que no operamos, por ejemplo, con fines de mercadeo y publicidad.[\/et_pb_text][et_pb_heading title=&#8221;C\u00f3mo usamos las cookies&#8221; _builder_version=&#8221;4.27.0&#8243; _module_preset=&#8221;default&#8221; title_level=&#8221;h2&#8243; title_font=&#8221;|700|||||||&#8221; custom_margin=&#8221;||0px||false|false&#8221; global_colors_info=&#8221;{}&#8221;][\/et_pb_heading][et_pb_text _builder_version=&#8221;4.27.4&#8243; _module_preset=&#8221;default&#8221; global_colors_info=&#8221;{}&#8221;]Este sitio web utiliza dos tipos de cookies: persistentes y de sesi\u00f3n. Las cookies persistentes son cookies que permanecen en su dispositivo durante cierto per\u00edodo (como se indica en la tabla a continuaci\u00f3n) o hasta que las elimine manualmente o las rechace. Las cookies de <strong>sesi\u00f3n<\/strong> son cookies que caducan al final de la sesi\u00f3n del navegador (p. ej., cuando sale de nuestro sitio web y cierra el navegador).<\/p>\n<p>Utilizamos cookies <strong>estrictamente necesarias<\/strong> para (i) reconocerlo como usuario recurrente, (ii) proteger y proporcionarle nuestro sitio web (p. ej., formatear el sitio web y proteger nuestro sitio web contra ataques maliciosos) y (iii) guardar algunas de sus preferencias (p. ej., consentimiento de cookies y ajustes de idioma).   <\/p>\n<p>Usamos cookies <strong>no esenciales (no estrictamente necesarias)<\/strong> para (i) ofrecer publicidad dirigida basada en su comportamiento de navegaci\u00f3n y (ii) observar y analizar los niveles de tr\u00e1fico y otras m\u00e9tricas en nuestro sitio web, lo que nos ayuda a mejorar nuestro sitio web y su experiencia general como usuario. Solo utilizamos cookies no esenciales cuando contamos con su consentimiento (v\u00e9ase a continuaci\u00f3n).   <\/p>\n<p>Las cookies pueden ser de <strong>primera persona<\/strong> o de <strong>terceros<\/strong>, lo que significa que son operados por nosotros (primera persona) o por otros (terceros). Tenga en cuenta que las interacciones con las cookies de terceros en nuestro sitio web se rigen por las pol\u00edticas de privacidad y de cookies del tercero, como se establece a continuaci\u00f3n. <\/p>\n<p>A continuaci\u00f3n, presentamos m\u00e1s informaci\u00f3n sobre los tipos de cookies que utilizamos.[\/et_pb_text][et_pb_heading title=&#8221;Administraci\u00f3n de cookies&#8221; _builder_version=&#8221;4.27.0&#8243; _module_preset=&#8221;default&#8221; title_level=&#8221;h2&#8243; title_font=&#8221;|700|||||||&#8221; custom_margin=&#8221;||0px||false|false&#8221; global_colors_info=&#8221;{}&#8221;][\/et_pb_heading][et_pb_text _builder_version=&#8221;4.27.4&#8243; _module_preset=&#8221;default&#8221; global_colors_info=&#8221;{}&#8221;]<\/p>\n<p>En su primera visita a nuestro sitio web y cada seis meses a partir de entonces, en la p\u00e1gina de inicio ver\u00e1 un anuncio de cookies que le informar\u00e1 por qu\u00e9 se utilizan cookies y le pedir\u00e1 su consentimiento para cada cookie no esencial y si accede a que las usemos, seleccionando \u201cAceptar\u201d. Si no est\u00e1 de acuerdo, puede seleccionar cu\u00e1les cookies rechaza o acepta, o bien puede elegir \u201cRechazar\u201d. <\/p>\n<p>Puede cambiar sus preferencias de cookies a trav\u00e9s del b\u00e1ner de cookies, donde podr\u00e1 aceptar o rechazar el uso de cookies no esenciales en su dispositivo. Sin embargo, tambi\u00e9n puede actualizar sus preferencias de cookies en cualquier momento utilizando el siguiente bot\u00f3n: <\/p>\n<p>[\/et_pb_text][et_pb_code _builder_version=&#8221;4.27.0&#8243; _module_preset=&#8221;default&#8221; global_colors_info=&#8221;{}&#8221;][wcc_preference_button][\/et_pb_code][et_pb_text _builder_version=&#8221;4.27.4&#8243; _module_preset=&#8221;default&#8221; global_colors_info=&#8221;{}&#8221;]Tenga en cuenta que no puede deshabilitar las cookies estrictamente necesarias, ya que estas afectan la funcionalidad de nuestro sitio web y su capacidad para utilizar ciertas caracter\u00edsticas y funciones.[\/et_pb_text][et_pb_heading title=&#8221;Tipos de cookies utilizadas&#8221; _builder_version=&#8221;4.27.0&#8243; _module_preset=&#8221;default&#8221; title_level=&#8221;h2&#8243; title_font=&#8221;|700|||||||&#8221; custom_margin=&#8221;||0px||false|false&#8221; global_colors_info=&#8221;{}&#8221;][\/et_pb_heading][et_pb_text _builder_version=&#8221;4.24.2&#8243; _module_preset=&#8221;default&#8221; header_2_text_color=&#8221;#691F45&#8243; custom_padding=&#8221;1px|||||&#8221; custom_css_main_element=&#8221;overflow-x: auto;&#8221; global_colors_info=&#8221;{}&#8221;]<\/p>\n<table border=\"1\" style=\"border-collapse: collapse; width: 100%;\">\n<tbody>\n<tr>\n<td style=\"width: 15.9585%;\"><strong>Operador<\/strong><\/td>\n<td style=\"width: 1.21359%;\"><strong>Nombre de la cookie<\/strong><\/td>\n<td style=\"width: 17.5261%;\"><strong>\u00bfDe sesi\u00f3n o persistente? <\/strong><\/td>\n<td style=\"width: 47.568%;\"><strong>Objectivo<\/strong><\/td>\n<td style=\"width: 40.0688%;\"><strong>Vida \u00fatil<\/strong><\/td>\n<\/tr>\n<tr>\n<td style=\"text-align: center;\" colspan=\"5\">\n<h3 style=\"padding: 4px 0;\">Cookies estrictamente necesarias<\/h3>\n<\/td>\n<\/tr>\n<tr>\n<td style=\"width: 15.9585%;\"><em>Elligo<\/em><\/td>\n<td style=\"width: 1.21359%;\">PHPSESSID<\/td>\n<td style=\"width: 17.5261%;\">De sesi\u00f3n<\/td>\n<td style=\"width: 47.568%;\">Esta cookie es nativa de las aplicaciones PHP. Sirve para almacenar e identificar el nombre \u00fanico de usuario a fin de administrar la sesi\u00f3n del usuario en el sitio web. Se trata de una cookie de sesi\u00f3n y se elimina cuando se cierran todas las ventanas del navegador.  <\/td>\n<td style=\"width: 40.0688%;\">De sesi\u00f3n<\/td>\n<\/tr>\n<tr>\n<td style=\"width: 15.9585%;\"><em>Elligo<\/em><\/td>\n<td style=\"width: 1.21359%;\">viewed_cookie_policy<\/td>\n<td style=\"width: 17.5261%;\">Persistente<\/td>\n<td style=\"width: 47.568%;\">Esta cookie est\u00e1 configurada por el complemento de consentimiento de cookies del Reglamento General de Protecci\u00f3n de Datos de la Uni\u00f3n Europea (RGPD) y sirve para almacenar si el usuario ha dado su consentimiento o no para el uso de cookies. No almacena ning\u00fan dato personal. <\/td>\n<td style=\"width: 40.0688%;\">6 meses<\/td>\n<\/tr>\n<tr>\n<td style=\"width: 15.9585%;\"><em>Elligo<\/em><\/td>\n<td style=\"width: 1.21359%;\">CookieLawInfoConsent<\/td>\n<td style=\"width: 17.5261%;\">Persistente<\/td>\n<td style=\"width: 47.568%;\">CookieYes configura esta cookie para registrar el estado del bot\u00f3n predeterminado de la categor\u00eda correspondiente y el estado de la Ley de Privacidad del Consumidor de California (CCPA). Funciona \u00fanicamente en coordinaci\u00f3n con la cookie principal. <\/td>\n<td style=\"width: 40.0688%;\">1 a\u00f1o<\/td>\n<\/tr>\n<tr>\n<td style=\"width: 15.9585%;\"><em>Elligo<\/em><\/td>\n<td style=\"width: 1.21359%;\">cookielawinfo-checkbox-necessary<\/td>\n<td style=\"width: 17.5261%;\">Persistente<\/td>\n<td style=\"width: 47.568%;\">Esta cookie la establece el complemento GDPR Cookie Consent. La cookie sirve para almacenar el consentimiento del usuario para las cookies en la categor\u00eda &#8220;Necesarias&#8221;. <\/td>\n<td style=\"width: 40.0688%;\">1 a\u00f1o<\/td>\n<\/tr>\n<tr>\n<td style=\"width: 15.9585%;\"><em>Elligo<\/em><\/td>\n<td style=\"width: 1.21359%;\">cookielawinfo-checkbox-functional<\/td>\n<td style=\"width: 17.5261%;\">Persistente<\/td>\n<td style=\"width: 47.568%;\">Esta cookie est\u00e1 configurada por el complemento de consentimiento de cookies del RGPD para registrar el consentimiento del usuario para las cookies en la categor\u00eda &#8220;Funcionales&#8221;.<\/td>\n<td style=\"width: 40.0688%;\">1 a\u00f1o<\/td>\n<\/tr>\n<tr>\n<td style=\"width: 15.9585%;\"><em>Elligo<\/em><\/td>\n<td style=\"width: 1.21359%;\">cookielawinfo-checkbox-performance<\/td>\n<td style=\"width: 17.5261%;\">Persistente<\/td>\n<td style=\"width: 47.568%;\">Esta cookie la establece el complemento GDPR Cookie Consent. La cookie sirve para almacenar el consentimiento del usuario para las cookies en la categor\u00eda &#8220;De rendimiento&#8221;. <\/td>\n<td style=\"width: 40.0688%;\">1 a\u00f1o<\/td>\n<\/tr>\n<tr>\n<td style=\"width: 15.9585%;\"><em>Elligo<\/em><\/td>\n<td style=\"width: 1.21359%;\">cookielawinfo-checkbox-analytics<\/td>\n<td style=\"width: 17.5261%;\">Persistente<\/td>\n<td style=\"width: 47.568%;\">Esta cookie la configura el complemento GDPR Cookie Consent de WordPress. La cookie sirve para recordar el consentimiento del usuario para las cookies en la categor\u00eda &#8220;Anal\u00edticas&#8221;. <\/td>\n<td style=\"width: 40.0688%;\">1 a\u00f1o<\/td>\n<\/tr>\n<tr>\n<td style=\"width: 15.9585%;\"><em>Elligo<\/em><\/td>\n<td style=\"width: 1.21359%;\">cookielawinfo-checkbox-advertisement<\/td>\n<td style=\"width: 17.5261%;\">Persistente<\/td>\n<td style=\"width: 47.568%;\">Esta cookie est\u00e1 configurada por el complemento de consentimiento de cookies del RGPD para registrar el consentimiento del usuario para las cookies en la categor\u00eda &#8220;Publicidad&#8221;.<\/td>\n<td style=\"width: 40.0688%;\">1 a\u00f1o<\/td>\n<\/tr>\n<tr>\n<td style=\"width: 15.9585%;\"><em>Elligo<\/em><\/td>\n<td style=\"width: 1.21359%;\">cookielawinfo-checkbox-others<\/td>\n<td style=\"width: 17.5261%;\">Persistente<\/td>\n<td style=\"width: 47.568%;\">Esta cookie la establece el complemento GDPR Cookie Consent. La cookie sirve para almacenar el consentimiento del usuario para las cookies en la categor\u00eda &#8220;Otras&#8221;. <\/td>\n<td style=\"width: 40.0688%;\">1 a\u00f1o<\/td>\n<\/tr>\n<tr>\n<td style=\"width: 15.9585%;\"><em>Elligo<\/em><\/td>\n<td style=\"width: 1.21359%;\">selected_language_url<\/td>\n<td style=\"width: 17.5261%;\">Persistente<\/td>\n<td style=\"width: 47.568%;\">Esta cookie sirve para mostrar el idioma elegido por el usuario en el sitio web.<\/td>\n<td style=\"width: 40.0688%;\">6 meses<\/td>\n<\/tr>\n<tr>\n<td style=\"width: 15.9585%;\"><em>WPML<\/em><\/td>\n<td style=\"width: 1.21359%;\">wp-wpml_current_language<\/td>\n<td style=\"width: 17.5261%;\">Persistente<\/td>\n<td style=\"width: 47.568%;\">El complemento WPML configura esta cookie para almacenar la selecci\u00f3n de idioma del usuario actual.<\/td>\n<td style=\"width: 40.0688%;\">24 horas<\/td>\n<\/tr>\n<tr>\n<td style=\"width: 15.9585%;\"><em>Matomo<\/em><\/td>\n<td style=\"width: 1.21359%;\">matomo_sessid<\/td>\n<td style=\"width: 17.5261%;\">De sesi\u00f3n<\/td>\n<td style=\"width: 47.568%;\">Esta cookie no contiene datos con los que se pueda identificar a los visitantes, pero se considera una cookie esencial.<\/td>\n<td style=\"width: 40.0688%;\">14 d\u00edas<\/td>\n<\/tr>\n<tr>\n<td style=\"text-align: center;\" colspan=\"5\">\n<h3 style=\"padding: 4px 0;\">Cookies no estrictamente necesarias<\/h3>\n<\/td>\n<\/tr>\n<tr>\n<td style=\"width: 15.9585%;\"><em>AppFromLab<\/em><\/td>\n<td style=\"width: 1.21359%;\">afl_wc_utm_sess_referer<\/td>\n<td style=\"width: 17.5261%;\">De sesi\u00f3n<\/td>\n<td style=\"width: 47.568%;\">Esta cookie establecida por el complemento AFL UTM Tracker almacena el primer referente (p\u00e1gina web anterior de la que proven\u00eda el enlace a la p\u00e1gina actual que se sigui\u00f3) del usuario.<\/td>\n<td style=\"width: 40.0688%;\">De sesi\u00f3n<\/td>\n<\/tr>\n<tr>\n<td style=\"width: 15.9585%;\"><em>AppFromLab<\/em><\/td>\n<td style=\"width: 1.21359%;\">afl_wc_utm_cookie_expiry<\/td>\n<td style=\"width: 17.5261%;\">Persistente<\/td>\n<td style=\"width: 47.568%;\">Esta cookie establecida por el complemento AFL UTM Tracker almacena la cantidad de d\u00edas a partir de la \u00faltima visita del usuario tras los cuales las cookies establecidas por el complemento AFL UTM Tracker deben caducar.<\/td>\n<td style=\"width: 40.0688%;\">90 d\u00edas<\/td>\n<\/tr>\n<tr>\n<td style=\"width: 15.9585%;\"><em>AppFromLab<\/em><\/td>\n<td style=\"width: 1.21359%;\">afl_wc_utm_sess_visit<\/td>\n<td style=\"width: 17.5261%;\">De sesi\u00f3n<\/td>\n<td style=\"width: 47.568%;\">Esta cookie establecida por el complemento AFL UTM Tracker almacena la marca de tiempo de la primera visita del usuario a la p\u00e1gina de aterrizaje.<\/td>\n<td style=\"width: 40.0688%;\">De sesi\u00f3n<\/td>\n<\/tr>\n<tr>\n<td style=\"width: 15.9585%;\"><em>AppFromLab<\/em><\/td>\n<td style=\"width: 1.21359%;\">afl_wc_utm_sess_landing<\/td>\n<td style=\"width: 17.5261%;\">De sesi\u00f3n<\/td>\n<td style=\"width: 47.568%;\">Esta cookie establecida por el complemento AFL UTM Tracker almacena la primera URL del usuario a la p\u00e1gina de aterrizaje.<\/td>\n<td style=\"width: 40.0688%;\">De sesi\u00f3n<\/td>\n<\/tr>\n<tr>\n<td style=\"width: 15.9585%;\"><em>AppFromLab<\/em><\/td>\n<td style=\"width: 1.21359%;\">afl_wc_utm_main<\/td>\n<td style=\"width: 17.5261%;\">De sesi\u00f3n<\/td>\n<td style=\"width: 47.568%;\">Esta cookie establecida por el complemento AFL UTM Tracker almacena la marca de tiempo de la \u00faltima comunicaci\u00f3n actualizada del lado del servidor.<\/td>\n<td style=\"width: 40.0688%;\">De sesi\u00f3n<\/td>\n<\/tr>\n<tr>\n<td style=\"width: 15.9585%;\"><em>Cloudflare<\/em><\/td>\n<td style=\"width: 1.21359%;\">__cf_bm<\/td>\n<td style=\"width: 17.5261%;\">Persistente<\/td>\n<td style=\"width: 47.568%;\">Cloudflare configura esta cookie para admitir la gesti\u00f3n de bots de Cloudflare.<\/td>\n<td style=\"width: 40.0688%;\">30 minutos<\/td>\n<\/tr>\n<tr>\n<td style=\"width: 15.9585%;\"><em>Matomo<\/em><\/td>\n<td style=\"width: 1.21359%;\">_pk_id*<\/td>\n<td style=\"width: 17.5261%;\">Persistente<\/td>\n<td style=\"width: 47.568%;\">Sirve para almacenar ciertos detalles sobre el usuario, como la ID del visitante de la unidad.<\/td>\n<td style=\"width: 40.0688%;\">13 meses<\/td>\n<\/tr>\n<tr>\n<td style=\"width: 15.9585%;\"><em>Matomo<\/em><\/td>\n<td style=\"width: 1.21359%;\">_pk_ref*<\/td>\n<td style=\"width: 17.5261%;\">Persistente<\/td>\n<td style=\"width: 47.568%;\">Sirve para almacenar la informaci\u00f3n de atribuci\u00f3n.<\/td>\n<td style=\"width: 40.0688%;\">6 meses<\/td>\n<\/tr>\n<tr>\n<td style=\"width: 15.9585%;\"><em>Matomo<\/em><\/td>\n<td style=\"width: 1.21359%;\">_pk_ses*<\/td>\n<td style=\"width: 17.5261%;\">De sesi\u00f3n<\/td>\n<td style=\"width: 47.568%;\">Sirve para almacenar un ID de sesi\u00f3n \u00fanico.<\/td>\n<td style=\"width: 40.0688%;\">30 minutos<\/td>\n<\/tr>\n<tr>\n<td style=\"width: 15.9585%;\"><em>Matomo<\/em><\/td>\n<td style=\"width: 1.21359%;\">_pk_cvar<\/td>\n<td style=\"width: 17.5261%;\">De sesi\u00f3n<\/td>\n<td style=\"width: 47.568%;\">Contiene variables personalizadas que se establecieron durante la vista de la p\u00e1gina anterior.<\/td>\n<td style=\"width: 40.0688%;\">30 minutos<\/td>\n<\/tr>\n<tr>\n<td style=\"width: 15.9585%;\"><em>Matomo<\/em><\/td>\n<td style=\"width: 1.21359%;\">_pk_hsr<\/td>\n<td style=\"width: 17.5261%;\">De sesi\u00f3n<\/td>\n<td style=\"width: 47.568%;\">Cookie de corta duraci\u00f3n para mapas de calor (heatmap) del sitio web.<\/td>\n<td style=\"width: 40.0688%;\">30 minutos<\/td>\n<\/tr>\n<tr>\n<td style=\"width: 15.9585%;\"><em>Matomo<\/em><\/td>\n<td style=\"width: 1.21359%;\">_pk_testcookie<\/td>\n<td style=\"width: 17.5261%;\">De sesi\u00f3n<\/td>\n<td style=\"width: 47.568%;\">Sirve para comprobar si el navegador del visitante admite cookies.<\/td>\n<td style=\"width: 40.0688%;\">&lt;Menos de 5 minutos<\/td>\n<\/tr>\n<tr>\n<td style=\"width: 15.9585%;\"><em>Matomo<\/em><\/td>\n<td style=\"width: 1.21359%;\">mtm_consent or mtm_consent_removed<\/td>\n<td style=\"width: 17.5261%;\">Persistente<\/td>\n<td style=\"width: 47.568%;\">Sirve para recordar que el usuario otorg\u00f3 (o retir\u00f3) el consentimiento.<\/td>\n<td style=\"width: 40.0688%;\">2 a\u00f1os<\/td>\n<\/tr>\n<tr>\n<td style=\"width: 15.9585%;\"><em>Matomo<\/em><\/td>\n<td style=\"width: 1.21359%;\">mtm_cookie_consent<\/td>\n<td style=\"width: 17.5261%;\">Persistente<\/td>\n<td style=\"width: 47.568%;\">Sirve para recordar que el usuario otorg\u00f3 su consentimiento para almacenar y utilizar cookies.<\/td>\n<td style=\"width: 40.0688%;\">2 a\u00f1os<\/td>\n<\/tr>\n<tr>\n<td style=\"width: 15.9585%;\"><em>Matomo<\/em><\/td>\n<td style=\"width: 1.21359%;\">Matomo_ignore<\/td>\n<td style=\"width: 17.5261%;\">Persistente<\/td>\n<td style=\"width: 47.568%;\">Se crea cuando el usuario opta por no ser rastreado.<\/td>\n<td style=\"width: 40.0688%;\">30 a\u00f1os<\/td>\n<\/tr>\n<tr>\n<td style=\"width: 15.9585%;\"><em>Google<\/em><\/td>\n<td style=\"width: 1.21359%;\">__gads<\/td>\n<td style=\"width: 1.21359%;\">Persistente<\/td>\n<td style=\"width: 47.568%;\">Google utiliza cookies para publicidad, las cuales comprenden cookies para la publicaci\u00f3n y presentaci\u00f3n de anuncios, la personalizaci\u00f3n de anuncios (seg\u00fan su configuraci\u00f3n de anuncios en <a href=\"https:\/\/g.co\/adsettings\" target=\"_blank\" rel=\"noreferrer noopener\">g.co\/adsettings<\/a>), limitar la cantidad de veces que se muestra un anuncio a un usuario, silenciar los anuncios que ha decidido dejar de ver y medir la eficacia de los anuncios.<\/td>\n<td style=\"width: 40.0688%;\">13 meses<\/td>\n<\/tr>\n<tr>\n<td style=\"width: 15.9585%;\"><em>Google<\/em><\/td>\n<td style=\"width: 1.21359%;\">_gcl_au,_gcl_aw<\/td>\n<td style=\"width: 17.5261%;\">Persistente<\/td>\n<td style=\"width: 47.568%;\">Google utiliza cookies para publicidad, las cuales comprenden cookies para la publicaci\u00f3n y presentaci\u00f3n de anuncios, la personalizaci\u00f3n de anuncios (seg\u00fan su configuraci\u00f3n de anuncios en <a href=\"https:\/\/g.co\/adsettings\" target=\"_blank\" rel=\"noreferrer noopener\">g.co\/adsettings<\/a>), limitar la cantidad de veces que se muestra un anuncio a un usuario, silenciar los anuncios que ha decidido dejar de ver y medir la eficacia de los anuncios.<\/td>\n<td style=\"width: 40.0688%;\">90 d\u00edas<\/td>\n<\/tr>\n<\/tbody>\n<\/table>\n<p>[\/et_pb_text][et_pb_heading title=&#8221;Cont\u00e1ctenos&#8221; _builder_version=&#8221;4.27.0&#8243; _module_preset=&#8221;default&#8221; title_level=&#8221;h2&#8243; title_font=&#8221;|700|||||||&#8221; custom_margin=&#8221;||0px||false|false&#8221; global_colors_info=&#8221;{}&#8221;][\/et_pb_heading][et_pb_text _builder_version=&#8221;4.27.4&#8243; _module_preset=&#8221;default&#8221; global_colors_info=&#8221;{}&#8221;]<\/p>\n<p>Para m\u00e1s informaci\u00f3n sobre el uso de cookies en nuestro sitio web, cont\u00e1ctenos a trav\u00e9s de:<\/p>\n<p>Elligo Health Research, Inc. <br \/>11612 Bee Cave Rd <br \/>Building 1 Suite 150<br \/>Austin, TX 78738<\/p>\n<p>Responsable de protecci\u00f3n de datos (Data Protection Officer, DPO)<br \/><a href=\"mailto:privacy@elligodirect.com\">privacy@elligodirect.com<\/a><\/p>\n<p>Para obtener m\u00e1s informaci\u00f3n sobre c\u00f3mo procesamos los datos personales mediante el uso de cookies, visite nuestra <a href=\"https:\/\/deepdeestudy.global\/es-mx\/politica-de-privacidad\/\">Privacy Policy<\/a>.<\/p>\n<p>[\/et_pb_text][\/et_pb_column][\/et_pb_row][\/et_pb_section]<\/p>\n","protected":false},"excerpt":{"rendered":"<p>\u00daltima actualizaci\u00f3n: 30 de junio de 2024 Elligo Health Research, Inc. (\u201cElligo\u201d o \u201cnosotros\u201d) est\u00e1 ayudando a la Organizaci\u00f3n de Investigaci\u00f3n Cl\u00ednica (CRO) PPD, parte de Thermo Fisher Scientific (\u201cPPD\u201d) en la prestaci\u00f3n de ciertos servicios, que podr\u00edan incluir publicidad del estudio, reclutamiento para el estudio, asistencia al centro del estudio y alojamiento del sitio [&hellip;]<\/p>\n","protected":false},"author":2,"featured_media":0,"parent":0,"menu_order":0,"comment_status":"closed","ping_status":"closed","template":"","meta":{"_et_pb_use_builder":"on","_et_pb_old_content":"","_et_gb_content_width":"","footnotes":""},"class_list":["post-340","page","type-page","status-publish","hentry"],"_links":{"self":[{"href":"https:\/\/deepdeestudy.global\/es-mx\/wp-json\/wp\/v2\/pages\/340","targetHints":{"allow":["GET"]}}],"collection":[{"href":"https:\/\/deepdeestudy.global\/es-mx\/wp-json\/wp\/v2\/pages"}],"about":[{"href":"https:\/\/deepdeestudy.global\/es-mx\/wp-json\/wp\/v2\/types\/page"}],"author":[{"embeddable":true,"href":"https:\/\/deepdeestudy.global\/es-mx\/wp-json\/wp\/v2\/users\/2"}],"replies":[{"embeddable":true,"href":"https:\/\/deepdeestudy.global\/es-mx\/wp-json\/wp\/v2\/comments?post=340"}],"version-history":[{"count":0,"href":"https:\/\/deepdeestudy.global\/es-mx\/wp-json\/wp\/v2\/pages\/340\/revisions"}],"wp:attachment":[{"href":"https:\/\/deepdeestudy.global\/es-mx\/wp-json\/wp\/v2\/media?parent=340"}],"curies":[{"name":"wp","href":"https:\/\/api.w.org\/{rel}","templated":true}]}}