{"id":629,"date":"2024-08-20T18:55:18","date_gmt":"2024-08-20T18:55:18","guid":{"rendered":"https:\/\/deepdeeousstg.wpenginepowered.com\/encefalopatias-epilepticas-e-do-desenvolvimento\/"},"modified":"2026-02-17T13:45:13","modified_gmt":"2026-02-17T13:45:13","slug":"encefalopatias-epilepticas-e-do-desenvolvimento","status":"publish","type":"page","link":"https:\/\/deepdeestudy.global\/pt-br\/encefalopatias-epilepticas-e-do-desenvolvimento\/","title":{"rendered":"Encefalopatias Epil\u00e9pticas e do Desenvolvimento"},"content":{"rendered":"<p>[et_pb_section fb_built=&#8221;1&#8243; _builder_version=&#8221;4.27.0&#8243; _module_preset=&#8221;default&#8221; background_image=&#8221;https:\/\/deepdeestudy.global\/wp-content\/uploads\/2024\/10\/dee-background_2.png&#8221; background_size=&#8221;contain&#8221; background_position=&#8221;top_center&#8221; custom_padding=&#8221;20px||||false|false&#8221; global_colors_info=&#8221;{}&#8221;][et_pb_row _builder_version=&#8221;4.27.0&#8243; _module_preset=&#8221;default&#8221; custom_margin=&#8221;3.4vw||0px||false|false&#8221; custom_margin_tablet=&#8221;0vw||0px||false|false&#8221; custom_margin_phone=&#8221;0vw||0px||false|false&#8221; custom_margin_last_edited=&#8221;on|phone&#8221; custom_padding=&#8221;0px||0px||false|false&#8221; global_colors_info=&#8221;{}&#8221;][et_pb_column type=&#8221;4_4&#8243; _builder_version=&#8221;4.27.0&#8243; _module_preset=&#8221;default&#8221; global_colors_info=&#8221;{}&#8221;][et_pb_image src=&#8221;https:\/\/deepdeestudy.global\/wp-content\/uploads\/2024\/10\/dee-turtle.webp&#8221; title_text=&#8221;dee-turtle&#8221; align=&#8221;right&#8221; _builder_version=&#8221;4.27.0&#8243; _module_preset=&#8221;default&#8221; width=&#8221;30%&#8221; width_tablet=&#8221;30%&#8221; width_phone=&#8221;40%&#8221; width_last_edited=&#8221;on|phone&#8221; max_width=&#8221;240px&#8221; custom_margin=&#8221;||0px||false|false&#8221; custom_padding=&#8221;0px||0px||false|false&#8221; global_colors_info=&#8221;{}&#8221;][\/et_pb_image][\/et_pb_column][\/et_pb_row][et_pb_row custom_padding_last_edited=&#8221;on|tablet&#8221; _builder_version=&#8221;4.27.0&#8243; _module_preset=&#8221;default&#8221; custom_margin_tablet=&#8221;&#8221; custom_margin_phone=&#8221;&#8221; custom_margin_last_edited=&#8221;on|phone&#8221; custom_padding=&#8221;||||false|false&#8221; custom_padding_tablet=&#8221;||0px||false|false&#8221; custom_padding_phone=&#8221;20px||0px||false|false&#8221; global_colors_info=&#8221;{}&#8221;][et_pb_column type=&#8221;4_4&#8243; _builder_version=&#8221;4.27.0&#8243; _module_preset=&#8221;default&#8221; global_colors_info=&#8221;{}&#8221;][et_pb_heading title=&#8221;O QUE S\u00c3O ENCEFALOPATIAS EPIL\u00c9PTICAS E DO DESENVOLVIMENTO?&#8221; _builder_version=&#8221;4.27.0&#8243; _module_preset=&#8221;default&#8221; title_font=&#8221;|700|||||||&#8221; title_text_align=&#8221;center&#8221; title_text_color=&#8221;#1793D1&#8243; title_font_size=&#8221;32px&#8221; custom_margin=&#8221;||10px||false|false&#8221; custom_margin_tablet=&#8221;||10px||false|false&#8221; custom_margin_phone=&#8221;||||false|false&#8221; custom_margin_last_edited=&#8221;on|phone&#8221; custom_padding=&#8221;||||false|false&#8221; title_font_size_tablet=&#8221;32px&#8221; title_font_size_phone=&#8221;&#8221; title_font_size_last_edited=&#8221;on|phone&#8221; global_colors_info=&#8221;{}&#8221;][\/et_pb_heading][et_pb_divider color=&#8221;#1793D1&#8243; divider_weight=&#8221;1.5px&#8221; _builder_version=&#8221;4.27.0&#8243; _module_preset=&#8221;default&#8221; max_width=&#8221;560px&#8221; module_alignment=&#8221;center&#8221; custom_margin=&#8221;10px||0px||false|false&#8221; global_colors_info=&#8221;{}&#8221;][\/et_pb_divider][\/et_pb_column][\/et_pb_row][et_pb_row column_structure=&#8221;1_2,1_2&#8243; use_custom_gutter=&#8221;on&#8221; gutter_width=&#8221;2&#8243; _builder_version=&#8221;4.27.4&#8243; _module_preset=&#8221;default&#8221; max_width=&#8221;1100px&#8221; custom_margin=&#8221;||||false|false&#8221; custom_padding=&#8221;||||false|false&#8221; global_colors_info=&#8221;{}&#8221;][et_pb_column type=&#8221;1_2&#8243; _builder_version=&#8221;4.27.0&#8243; _module_preset=&#8221;default&#8221; global_colors_info=&#8221;{}&#8221;][et_pb_text _builder_version=&#8221;4.27.0&#8243; _module_preset=&#8221;default&#8221; header_3_font=&#8221;|700|||||||&#8221; global_colors_info=&#8221;{}&#8221;]<\/p>\n<h3>As encefalopatias epil\u00e9pticas e do desenvolvimento (EED) s\u00e3o uma forma grave de epilepsia que afeta a aprendizagem e o desenvolvimento e, muitas vezes, come\u00e7a na inf\u00e2ncia. A S\u00edndrome de Lennox-Gastaut (SLG) \u00e9 um exemplo de EED, mas muitos outros diagn\u00f3sticos se enquadram nesse espectro. Para as pessoas com EED e suas fam\u00edlias, entender os sintomas da EED pode ser uma jornada emocional.  <\/h3>\n<p>[\/et_pb_text][\/et_pb_column][et_pb_column type=&#8221;1_2&#8243; _builder_version=&#8221;4.27.0&#8243; _module_preset=&#8221;default&#8221; global_colors_info=&#8221;{}&#8221;][et_pb_text ul_item_indent=&#8221;35px&#8221; ul_item_indent_tablet=&#8221;30px&#8221; ul_item_indent_phone=&#8221;20px&#8221; ul_item_indent_last_edited=&#8221;on|phone&#8221; _builder_version=&#8221;4.27.5&#8243; _module_preset=&#8221;default&#8221; link_font=&#8221;||||on||||&#8221; link_text_color=&#8221;#1793D1&#8243; header_3_font=&#8221;|700|||||||&#8221; custom_margin=&#8221;||0px||false|false&#8221; custom_padding=&#8221;||0px||false|false&#8221; hover_enabled=&#8221;0&#8243; global_colors_info=&#8221;{}&#8221; link_text_color__hover_enabled=&#8221;on|hover&#8221; link_text_color__hover=&#8221;#213A70&#8243; sticky_enabled=&#8221;0&#8243;]<\/p>\n<h3>A <a href=\"https:\/\/www.epilepsy.com\/what-is-epilepsy\/syndromes\/developmental-and-epileptic-encephalopathy#What-is-developmental-and-epileptic-encephalopathy-(DEE)?\" target=\"_blank\" rel=\"noopener\">Epilepsy Foundation<\/a> compartilha alguns outros sintomas relacionados \u00e0 doen\u00e7a, como:<\/h3>\n<ul>\n<li>atrasos no comportamento e no desenvolvimento<\/li>\n<li>problemas de movimento e equil\u00edbrio<\/li>\n<li>e atraso e problemas na fala.<\/li>\n<\/ul>\n<p>[\/et_pb_text][\/et_pb_column][\/et_pb_row][\/et_pb_section][et_pb_section fb_built=&#8221;1&#8243; _builder_version=&#8221;4.27.0&#8243; _module_preset=&#8221;default&#8221; background_color=&#8221;#F5F8FA&#8221; global_colors_info=&#8221;{}&#8221;][et_pb_row _builder_version=&#8221;4.27.0&#8243; _module_preset=&#8221;default&#8221; custom_margin=&#8221;||||false|false&#8221; custom_padding=&#8221;10px||0px||false|false&#8221; global_colors_info=&#8221;{}&#8221;][et_pb_column type=&#8221;4_4&#8243; _builder_version=&#8221;4.27.0&#8243; _module_preset=&#8221;default&#8221; global_colors_info=&#8221;{}&#8221;][et_pb_text _builder_version=&#8221;4.27.0&#8243; _module_preset=&#8221;default&#8221; text_font=&#8221;||||||||&#8221; header_font=&#8221;||||||||&#8221; text_orientation=&#8221;center&#8221; max_width=&#8221;800px&#8221; module_alignment=&#8221;center&#8221; custom_margin=&#8221;||||false|false&#8221; global_colors_info=&#8221;{}&#8221;]<\/p>\n<h2>Os desafios da EED podem ser particularmente dif\u00edceis, exigindo cuidado especializado e compreens\u00e3o. \u00c9 importante reconhecer que cada hist\u00f3ria \u00e9 \u00fanica e que buscar ajuda e conex\u00e3o pode fazer uma grande diferen\u00e7a. <\/h2>\n<p>[\/et_pb_text][\/et_pb_column][\/et_pb_row][\/et_pb_section][et_pb_section fb_built=&#8221;1&#8243; _builder_version=&#8221;4.27.0&#8243; _module_preset=&#8221;default&#8221; background_color=&#8221;#FFFFFF&#8221; background_enable_image=&#8221;off&#8221; background_size=&#8221;contain&#8221; background_position=&#8221;top_center&#8221; background_vertical_offset=&#8221;-7%&#8221; custom_padding=&#8221;||||false|false&#8221; global_colors_info=&#8221;{}&#8221;][et_pb_row column_structure=&#8221;2_5,3_5&#8243; make_equal=&#8221;on&#8221; _builder_version=&#8221;4.27.0&#8243; _module_preset=&#8221;default&#8221; module_alignment=&#8221;center&#8221; custom_margin=&#8221;||||false|false&#8221; custom_css_main_element=&#8221;align-items: center;&#8221; global_colors_info=&#8221;{}&#8221;][et_pb_column type=&#8221;2_5&#8243; _builder_version=&#8221;4.27.0&#8243; _module_preset=&#8221;default&#8221; global_colors_info=&#8221;{}&#8221;][et_pb_image src=&#8221;https:\/\/deepdeestudy.global\/wp-content\/uploads\/2024\/10\/dee-fish-seahorse-circle.webp&#8221; title_text=&#8221;dee-fish-seahorse-circle&#8221; _builder_version=&#8221;4.27.0&#8243; _module_preset=&#8221;default&#8221; max_width=&#8221;340px&#8221; module_alignment=&#8221;right&#8221; module_alignment_tablet=&#8221;center&#8221; module_alignment_phone=&#8221;center&#8221; module_alignment_last_edited=&#8221;on|tablet&#8221; global_colors_info=&#8221;{}&#8221;][\/et_pb_image][\/et_pb_column][et_pb_column type=&#8221;3_5&#8243; _builder_version=&#8221;4.27.0&#8243; _module_preset=&#8221;default&#8221; global_colors_info=&#8221;{}&#8221;][et_pb_text _builder_version=&#8221;4.27.0&#8243; _module_preset=&#8221;default&#8221; header_2_font=&#8221;|700|||||||&#8221; header_2_text_color=&#8221;#1793D1&#8243; header_3_font=&#8221;|700|||||||&#8221; header_3_text_color=&#8221;#1793D1&#8243; custom_margin=&#8221;||0px||false|false&#8221; global_colors_info=&#8221;{}&#8221;]<\/p>\n<h2>\u00c0s vezes, a jornada das pessoas com encefalopatias epil\u00e9pticas e do desenvolvimento pode ser dif\u00edcil e cansativa, mas \u00e9 essencial que as fam\u00edlias saibam que n\u00e3o est\u00e3o sozinhas.<\/h2>\n<p>[\/et_pb_text][et_pb_divider color=&#8221;#1793D1&#8243; divider_weight=&#8221;1.5px&#8221; _builder_version=&#8221;4.27.0&#8243; _module_preset=&#8221;default&#8221; max_width=&#8221;99%&#8221; module_alignment=&#8221;left&#8221; custom_margin=&#8221;10px||0px||false|false&#8221; locked=&#8221;off&#8221; global_colors_info=&#8221;{}&#8221;][\/et_pb_divider][et_pb_text _builder_version=&#8221;4.27.0&#8243; _module_preset=&#8221;default&#8221; link_font=&#8221;||||on||||&#8221; link_text_color=&#8221;#1793D1&#8243; global_colors_info=&#8221;{}&#8221; link_text_color__hover_enabled=&#8221;on|hover&#8221; link_text_color__hover=&#8221;#213A70&#8243;]<\/p>\n<p>Existe uma comunidade crescente de cuidadores e pessoas que enfrentam desafios semelhantes e as fam\u00edlias podem encontrar recursos na <a href=\"https:\/\/deepconnections.net\/\" target=\"_blank\" rel=\"noopener\">DEE-P Connections<\/a> . Op\u00e7\u00f5es de tratamento est\u00e3o sendo exploradas para melhorar a qualidade de vida de crian\u00e7as e adultos. <\/p>\n<p>[\/et_pb_text][\/et_pb_column][\/et_pb_row][et_pb_row custom_padding_last_edited=&#8221;on|tablet&#8221; _builder_version=&#8221;4.27.0&#8243; _module_preset=&#8221;default&#8221; custom_padding_tablet=&#8221;0px||||false|false&#8221; custom_padding_phone=&#8221;0px||||false|false&#8221; global_colors_info=&#8221;{}&#8221;][et_pb_column type=&#8221;4_4&#8243; _builder_version=&#8221;4.27.0&#8243; _module_preset=&#8221;default&#8221; global_colors_info=&#8221;{}&#8221;][et_pb_text _builder_version=&#8221;4.27.0&#8243; _module_preset=&#8221;default&#8221; header_2_font=&#8221;|700|||||||&#8221; header_3_font=&#8221;|700|||||||&#8221; text_orientation=&#8221;center&#8221; custom_margin=&#8221;||0px||false|false&#8221; custom_padding=&#8221;||0px||false|false&#8221; global_colors_info=&#8221;{}&#8221;]<\/p>\n<h2>Juntos, podemos promover um ambiente de apoio, onde experi\u00eancias e recursos compartilhados podem capacitar as fam\u00edlias a enfrentar essa jornada com esperan\u00e7a e resili\u00eancia.<\/h2>\n<p>[\/et_pb_text][et_pb_button button_url=&#8221;\/pt-br\/#eligibility&#8221; button_text=&#8221;Contribua para a pesquisa sobre a EED&#8221; button_alignment=&#8221;center&#8221; _builder_version=&#8221;4.27.0&#8243; _module_preset=&#8221;default&#8221; custom_button=&#8221;on&#8221; button_text_size=&#8221;16px&#8221; button_text_color=&#8221;#FFFFFF&#8221; button_bg_color=&#8221;#043673&#8243; button_border_width=&#8221;0px&#8221; button_border_radius=&#8221;30px&#8221; button_font=&#8221;&#8211;et_global_heading_font|700|||||||&#8221; button_use_icon=&#8221;off&#8221; custom_margin=&#8221;20px||20px||false|false&#8221; custom_padding=&#8221;10px|45px|10px|45px|true|true&#8221; global_colors_info=&#8221;{}&#8221; button_bg_color__hover=&#8221;#1793D1&#8243; button_bg_color__hover_enabled=&#8221;on|hover&#8221; button_icon_color__hover=&#8221;#043673&#8243; button_icon_color__hover_enabled=&#8221;on|hover&#8221; button_bg_enable_color__hover=&#8221;on&#8221;][\/et_pb_button][\/et_pb_column][\/et_pb_row][\/et_pb_section][et_pb_section fb_built=&#8221;1&#8243; next_background_color=&#8221;#ffffff&#8221; _builder_version=&#8221;4.27.0&#8243; _module_preset=&#8221;default&#8221; background_color=&#8221;#213A70&#8243; custom_padding=&#8221;||120px||false|false&#8221; bottom_divider_style=&#8221;wave&#8221; bottom_divider_height=&#8221;50px&#8221; global_colors_info=&#8221;{}&#8221;][et_pb_row custom_padding_last_edited=&#8221;on|phone&#8221; _builder_version=&#8221;4.27.0&#8243; _module_preset=&#8221;default&#8221; custom_padding_tablet=&#8221;&#8221; custom_padding_phone=&#8221;&#8221; global_colors_info=&#8221;{}&#8221;][et_pb_column type=&#8221;4_4&#8243; _builder_version=&#8221;4.27.0&#8243; _module_preset=&#8221;default&#8221; global_colors_info=&#8221;{}&#8221;][et_pb_heading title=&#8221;SOBRE O MEDICAMENTO EXPERIMENTAL&#8221; _builder_version=&#8221;4.27.0&#8243; _module_preset=&#8221;default&#8221; title_level=&#8221;h2&#8243; title_font=&#8221;|700|||||||&#8221; title_text_align=&#8221;center&#8221; title_text_color=&#8221;#A8CDEB&#8221; title_font_size=&#8221;32px&#8221; custom_margin=&#8221;||10px||false|false&#8221; title_font_size_tablet=&#8221;32px&#8221; title_font_size_phone=&#8221;26px&#8221; title_font_size_last_edited=&#8221;on|tablet&#8221; global_colors_info=&#8221;{}&#8221;][\/et_pb_heading][et_pb_divider color=&#8221;#A8CDEB&#8221; divider_weight=&#8221;1.5px&#8221; _builder_version=&#8221;4.27.0&#8243; _module_preset=&#8221;default&#8221; max_width=&#8221;670px&#8221; module_alignment=&#8221;center&#8221; custom_margin=&#8221;10px||20px||false|false&#8221; global_colors_info=&#8221;{}&#8221;][\/et_pb_divider][et_pb_text _builder_version=&#8221;4.27.0&#8243; _module_preset=&#8221;default&#8221; header_2_font=&#8221;|700|||||||&#8221; header_2_text_color=&#8221;#FFFFFF&#8221; header_3_font=&#8221;|700|||||||&#8221; header_3_text_color=&#8221;#44A083&#8243; text_orientation=&#8221;center&#8221; custom_margin=&#8221;||0px||false|false&#8221; global_colors_info=&#8221;{}&#8221;]<\/p>\n<h2>O estudo cl\u00ednico DEEp OCEAN vai avaliar a seguran\u00e7a de um medicamento experimental e seu potencial para reduzir o n\u00famero de convuls\u00f5es em crian\u00e7as e adultos com EED.<\/h2>\n<p>[\/et_pb_text][\/et_pb_column][\/et_pb_row][et_pb_row column_structure=&#8221;3_5,2_5&#8243; make_equal=&#8221;on&#8221; _builder_version=&#8221;4.27.0&#8243; _module_preset=&#8221;default&#8221; custom_margin=&#8221;0px||||false|false&#8221; custom_padding=&#8221;0px||||false|false&#8221; custom_css_main_element=&#8221;align-items: center;&#8221; global_colors_info=&#8221;{}&#8221;][et_pb_column type=&#8221;3_5&#8243; _builder_version=&#8221;4.27.0&#8243; _module_preset=&#8221;default&#8221; global_colors_info=&#8221;{}&#8221;][et_pb_text _builder_version=&#8221;4.27.0&#8243; _module_preset=&#8221;default&#8221; text_text_color=&#8221;#FFFFFF&#8221; global_colors_info=&#8221;{}&#8221;]O medicamento experimental, avaliado anteriormente em 239 pessoas, incluindo algumas com EED, ativa um receptor neuronal espec\u00edfico. Isso muda o comportamento das c\u00e9lulas e ajudou a diminuir as convuls\u00f5es em algumas pessoas. <\/p>\n<p>O termo \u201cmedicamento do estudo\u201d refere-se ao medicamento experimental ou ao placebo, em que as duas solu\u00e7\u00f5es ter\u00e3o a mesma apar\u00eancia e sabor. O medicamento do estudo ser\u00e1 fornecido na forma de l\u00edquido que ser\u00e1 administrado por via oral ou atrav\u00e9s de uma sonda de alimenta\u00e7\u00e3o.[\/et_pb_text][et_pb_button button_url=&#8221;\/pt-br\/#eligibility&#8221; button_text=&#8221;Quem pode participar?&#8221; button_alignment=&#8221;left&#8221; button_alignment_tablet=&#8221;center&#8221; button_alignment_phone=&#8221;center&#8221; button_alignment_last_edited=&#8221;on|tablet&#8221; _builder_version=&#8221;4.27.0&#8243; _module_preset=&#8221;default&#8221; custom_button=&#8221;on&#8221; button_text_size=&#8221;16px&#8221; button_text_color=&#8221;#FFFFFF&#8221; button_bg_color=&#8221;#1793D1&#8243; button_border_width=&#8221;5px&#8221; button_border_radius=&#8221;30px&#8221; button_font=&#8221;&#8211;et_global_heading_font|700|||||||&#8221; button_use_icon=&#8221;off&#8221; custom_margin=&#8221;40px||||false|false&#8221; custom_padding=&#8221;10px|45px|10px|45px|true|true&#8221; global_colors_info=&#8221;{}&#8221; button_text_color__hover=&#8221;#213A70&#8243; button_text_color__hover_enabled=&#8221;on|hover&#8221; button_bg_color__hover=&#8221;#A8CDEB&#8221; button_bg_color__hover_enabled=&#8221;on|hover&#8221; button_icon_color__hover=&#8221;#F4F8FA&#8221; button_icon_color__hover_enabled=&#8221;on|hover&#8221; custom_padding__hover=&#8221;|45px|||true|false&#8221; custom_padding__hover_enabled=&#8221;on|hover&#8221; button_border_color__hover_enabled=&#8221;on|hover&#8221; button_border_color__hover=&#8221;#FFFFFF&#8221; button_bg_enable_color__hover=&#8221;on&#8221;][\/et_pb_button][\/et_pb_column][et_pb_column type=&#8221;2_5&#8243; _builder_version=&#8221;4.27.0&#8243; _module_preset=&#8221;default&#8221; global_colors_info=&#8221;{}&#8221;][et_pb_image src=&#8221;https:\/\/deepdeestudy.global\/wp-content\/uploads\/2024\/10\/dee-jellyfish.webp&#8221; title_text=&#8221;dee-jellyfish&#8221; align=&#8221;center&#8221; _builder_version=&#8221;4.27.0&#8243; _module_preset=&#8221;default&#8221; max_width_tablet=&#8221;260px&#8221; max_width_phone=&#8221;240px&#8221; max_width_last_edited=&#8221;on|phone&#8221; module_alignment=&#8221;center&#8221; max_height=&#8221;310px&#8221; max_height_tablet=&#8221;280px&#8221; max_height_phone=&#8221;250px&#8221; max_height_last_edited=&#8221;on|phone&#8221; custom_margin=&#8221;||||false|false&#8221; custom_margin_tablet=&#8221;30px||||false|false&#8221; custom_margin_phone=&#8221;30px||||false|false&#8221; custom_margin_last_edited=&#8221;on|tablet&#8221; global_colors_info=&#8221;{}&#8221;][\/et_pb_image][\/et_pb_column][\/et_pb_row][\/et_pb_section][et_pb_section fb_built=&#8221;1&#8243; next_background_color=&#8221;#F4F8FA&#8221; _builder_version=&#8221;4.27.0&#8243; _module_preset=&#8221;default&#8221; bottom_divider_style=&#8221;wave2&#8243; bottom_divider_height=&#8221;50px&#8221; bottom_divider_flip=&#8221;horizontal&#8221; global_colors_info=&#8221;{}&#8221;][et_pb_row _builder_version=&#8221;4.27.0&#8243; _module_preset=&#8221;default&#8221; global_colors_info=&#8221;{}&#8221;][et_pb_column type=&#8221;4_4&#8243; _builder_version=&#8221;4.27.0&#8243; _module_preset=&#8221;default&#8221; global_colors_info=&#8221;{}&#8221;][et_pb_image src=&#8221;https:\/\/deepdeestudy.global\/wp-content\/uploads\/2024\/09\/DEEp_OCEAN-301_Icon.png&#8221; title_text=&#8221;DEEp_OCEAN-301_Icon&#8221; _builder_version=&#8221;4.27.0&#8243; _module_preset=&#8221;default&#8221; max_width=&#8221;100px&#8221; module_alignment=&#8221;center&#8221; global_colors_info=&#8221;{}&#8221;][\/et_pb_image][et_pb_heading title=&#8221;POR QUE PARTICIPAR?&#8221; _builder_version=&#8221;4.27.0&#8243; _module_preset=&#8221;default&#8221; title_font=&#8221;|700||on|||||&#8221; title_text_align=&#8221;center&#8221; custom_margin=&#8221;||0px||false|false&#8221; global_colors_info=&#8221;{}&#8221;][\/et_pb_heading][et_pb_heading title=&#8221;Participar de um estudo cl\u00ednico \u00e9 uma grande decis\u00e3o, mas tamb\u00e9m \u00e9 uma chance de se juntar a n\u00f3s para ajudar a promover o tratamento das encefalopatias epil\u00e9pticas e do desenvolvimento.&#8221; _builder_version=&#8221;4.27.0&#8243; _module_preset=&#8221;default&#8221; title_level=&#8221;h2&#8243; title_font=&#8221;|700|||||||&#8221; title_text_align=&#8221;center&#8221; title_text_color=&#8221;#1793D1&#8243; title_font_size=&#8221;26px&#8221; custom_margin=&#8221;||10px||false|false&#8221; title_font_size_tablet=&#8221;26px&#8221; title_font_size_phone=&#8221;22px&#8221; title_font_size_last_edited=&#8221;on|phone&#8221; global_colors_info=&#8221;{}&#8221;][\/et_pb_heading][et_pb_divider color=&#8221;#1793D1&#8243; divider_weight=&#8221;1.5px&#8221; _builder_version=&#8221;4.27.0&#8243; _module_preset=&#8221;default&#8221; max_width=&#8221;90%&#8221; module_alignment=&#8221;center&#8221; custom_margin=&#8221;10px||20px||false|false&#8221; global_colors_info=&#8221;{}&#8221;][\/et_pb_divider][et_pb_text _builder_version=&#8221;4.27.0&#8243; _module_preset=&#8221;default&#8221; global_colors_info=&#8221;{}&#8221;]Ao participar de pesquisas cl\u00ednicas, seu ente querido desempenhar\u00e1 um papel ativo na defini\u00e7\u00e3o de op\u00e7\u00f5es de tratamento para a EED e contribuir\u00e1 para avan\u00e7os m\u00e9dicos para as gera\u00e7\u00f5es presente e futura.<\/p>\n<p>N\u00e3o h\u00e1 benef\u00edcios comprovados associados \u00e0 participa\u00e7\u00e3o em um estudo cl\u00ednico. No entanto, a participa\u00e7\u00e3o no estudo DEEp OCEAN pode reduzir a frequ\u00eancia de convuls\u00f5es nos participantes inclu\u00eddos no grupo do medicamento do estudo. Al\u00e9m disso, os participantes receber\u00e3o tratamento e avalia\u00e7\u00f5es m\u00e9dicas cont\u00ednuas durante o estudo e realizar\u00e1 exames opcionais com o objetivo de identificar muta\u00e7\u00f5es associadas \u00e0 EED nos participantes.  <\/p>\n<p>A decis\u00e3o de participar \u00e9 uma pessoal e inteiramente sua e do seu ente querido. \u00c9 essencial sentir-se confort\u00e1vel e bem informado antes de entrar em um estudo cl\u00ednico. Se voc\u00ea tiver d\u00favidas ou perguntas, fale com seu m\u00e9dico.[\/et_pb_text][et_pb_button button_url=&#8221;\/pt-br\/#eligibility&#8221; button_text=&#8221;Saiba como seu ente querido pode participar&#8221; button_alignment=&#8221;center&#8221; _builder_version=&#8221;4.27.0&#8243; _module_preset=&#8221;default&#8221; custom_button=&#8221;on&#8221; button_text_size=&#8221;18px&#8221; button_text_color=&#8221;#FFFFFF&#8221; button_bg_color=&#8221;#043673&#8243; button_border_width=&#8221;0px&#8221; button_border_radius=&#8221;30px&#8221; button_font=&#8221;&#8211;et_global_heading_font|700|||||||&#8221; button_use_icon=&#8221;off&#8221; custom_margin=&#8221;||40px||false|false&#8221; custom_padding=&#8221;10px|45px|10px|45px|true|true&#8221; global_colors_info=&#8221;{}&#8221; button_bg_color__hover=&#8221;#1793D1&#8243; button_bg_color__hover_enabled=&#8221;on|hover&#8221; button_icon_color__hover=&#8221;#043673&#8243; button_icon_color__hover_enabled=&#8221;on|hover&#8221; button_bg_enable_color__hover=&#8221;on&#8221;][\/et_pb_button][\/et_pb_column][\/et_pb_row][\/et_pb_section]<\/p>\n","protected":false},"excerpt":{"rendered":"<p>As encefalopatias epil\u00e9pticas e do desenvolvimento (EED) s\u00e3o uma forma grave de epilepsia que afeta a aprendizagem e o desenvolvimento e, muitas vezes, come\u00e7a na inf\u00e2ncia. A S\u00edndrome de Lennox-Gastaut (SLG) \u00e9 um exemplo de EED, mas muitos outros diagn\u00f3sticos se enquadram nesse espectro. Para as pessoas com EED e suas fam\u00edlias, entender os sintomas [&hellip;]<\/p>\n","protected":false},"author":2,"featured_media":0,"parent":0,"menu_order":0,"comment_status":"closed","ping_status":"closed","template":"","meta":{"_et_pb_use_builder":"on","_et_pb_old_content":"","_et_gb_content_width":"","footnotes":""},"class_list":["post-629","page","type-page","status-publish","hentry"],"_links":{"self":[{"href":"https:\/\/deepdeestudy.global\/pt-br\/wp-json\/wp\/v2\/pages\/629","targetHints":{"allow":["GET"]}}],"collection":[{"href":"https:\/\/deepdeestudy.global\/pt-br\/wp-json\/wp\/v2\/pages"}],"about":[{"href":"https:\/\/deepdeestudy.global\/pt-br\/wp-json\/wp\/v2\/types\/page"}],"author":[{"embeddable":true,"href":"https:\/\/deepdeestudy.global\/pt-br\/wp-json\/wp\/v2\/users\/2"}],"replies":[{"embeddable":true,"href":"https:\/\/deepdeestudy.global\/pt-br\/wp-json\/wp\/v2\/comments?post=629"}],"version-history":[{"count":0,"href":"https:\/\/deepdeestudy.global\/pt-br\/wp-json\/wp\/v2\/pages\/629\/revisions"}],"wp:attachment":[{"href":"https:\/\/deepdeestudy.global\/pt-br\/wp-json\/wp\/v2\/media?parent=629"}],"curies":[{"name":"wp","href":"https:\/\/api.w.org\/{rel}","templated":true}]}}