{"id":636,"date":"2024-08-20T19:15:50","date_gmt":"2024-08-20T19:15:50","guid":{"rendered":"https:\/\/deepdeeousstg.wpenginepowered.com\/politica-de-cookies\/"},"modified":"2026-02-18T19:57:34","modified_gmt":"2026-02-18T19:57:34","slug":"politica-de-cookies","status":"publish","type":"page","link":"https:\/\/deepdeestudy.global\/pt-br\/politica-de-cookies\/","title":{"rendered":"Pol\u00edtica de cookies"},"content":{"rendered":"<p>[et_pb_section fb_built=&#8221;1&#8243; _builder_version=&#8221;4.27.0&#8243; _module_preset=&#8221;default&#8221; background_color=&#8221;#213A70&#8243; global_colors_info=&#8221;{}&#8221;][et_pb_row custom_padding_last_edited=&#8221;on|phone&#8221; _builder_version=&#8221;4.27.0&#8243; _module_preset=&#8221;default&#8221; custom_padding=&#8221;20px||20px||true|false&#8221; custom_padding_tablet=&#8221;20px||20px||true|false&#8221; custom_padding_phone=&#8221;0px||0px||true|false&#8221; global_colors_info=&#8221;{}&#8221;][et_pb_column type=&#8221;4_4&#8243; _builder_version=&#8221;4.27.0&#8243; _module_preset=&#8221;default&#8221; global_colors_info=&#8221;{}&#8221;][et_pb_heading title=&#8221;Pol\u00edtica de cookies&#8221; _builder_version=&#8221;4.27.0&#8243; _module_preset=&#8221;default&#8221; title_font=&#8221;|600|||||||&#8221; title_text_align=&#8221;center&#8221; title_text_color=&#8221;#FFFFFF&#8221; title_font_size=&#8221;42px&#8221; custom_margin=&#8221;||16px||false|false&#8221; custom_margin_tablet=&#8221;||16px||false|false&#8221; custom_margin_phone=&#8221;||10px||false|false&#8221; custom_margin_last_edited=&#8221;on|phone&#8221; title_font_size_tablet=&#8221;36px&#8221; title_font_size_phone=&#8221;32px&#8221; title_font_size_last_edited=&#8221;on|phone&#8221; global_colors_info=&#8221;{}&#8221;][\/et_pb_heading][et_pb_divider color=&#8221;#FFFFFF&#8221; divider_weight=&#8221;1.5px&#8221; _builder_version=&#8221;4.27.0&#8243; _module_preset=&#8221;default&#8221; max_width=&#8221;380px&#8221; max_width_tablet=&#8221;380px&#8221; max_width_phone=&#8221;&#8221; max_width_last_edited=&#8221;on|desktop&#8221; module_alignment=&#8221;center&#8221; global_colors_info=&#8221;{}&#8221;][\/et_pb_divider][\/et_pb_column][\/et_pb_row][\/et_pb_section][et_pb_section fb_built=&#8221;1&#8243; _builder_version=&#8221;4.27.0&#8243; _module_preset=&#8221;default&#8221; custom_padding=&#8221;40px||60px||false|false&#8221; bottom_divider_style=&#8221;wave2&#8243; bottom_divider_color=&#8221;#F4F8FA&#8221; bottom_divider_height=&#8221;50px&#8221; global_colors_info=&#8221;{}&#8221;][et_pb_row _builder_version=&#8221;4.27.0&#8243; _module_preset=&#8221;default&#8221; global_colors_info=&#8221;{}&#8221;][et_pb_column type=&#8221;4_4&#8243; _builder_version=&#8221;4.27.0&#8243; _module_preset=&#8221;default&#8221; global_colors_info=&#8221;{}&#8221;][et_pb_text _builder_version=&#8221;4.27.5&#8243; _module_preset=&#8221;default&#8221; hover_enabled=&#8221;0&#8243; global_colors_info=&#8221;{}&#8221; sticky_enabled=&#8221;0&#8243;]<\/p>\n<p>\u00daltima atualiza\u00e7\u00e3o: 30 de junho de 2024<\/p>\n<p><strong>A Elligo Health Research, Inc.<\/strong> (\u201c<strong>Elligo<\/strong>\u201d, \u201c<strong>n\u00f3s<\/strong>\u201d ou \u201c<strong>a empresa<\/strong>\u201d) fornecer\u00e1 assist\u00eancia \u00e0 Organiza\u00e7\u00e3o Representativa para Pesquisa Cl\u00ednica (ORPC) <strong>PPD, parte da Thermo Fisher Scientific, <\/strong>(\u201c<strong>PPD<\/strong>\u201d) na presta\u00e7\u00e3o de determinados servi\u00e7os, os quais podem incluir a divulga\u00e7\u00e3o publicit\u00e1ria do estudo, recrutamento para o estudo, apoio ao centro do estudo e hospedagem do site do estudo <strong>DEEp OCEAN<\/strong> (os \u201c<strong>Servi\u00e7os<\/strong>\u201d) em nome do Patrocinador do Estudo <strong>DEEp OCEAN<\/strong>, a <strong>Longboard Pharmaceuticals, Inc. <\/strong>(&#8220;<strong>Longboard<\/strong>&#8220;). A <strong>Longboard<\/strong> \u00e9 a Controladora de Dados no que diz respeito aos dados pessoais processados do Estudo <strong>DEEp OCEAN<\/strong>.<\/p>\n<p>Esta pol\u00edtica descreve como e por que a Elligo utiliza cookies neste site https:\/\/deepdeestudy.global\/ em nome da Controladora de Dados, a <strong>Longboard<\/strong>.<\/p>\n<p>[\/et_pb_text][et_pb_heading title=&#8221;O que s\u00e3o cookies&#8221; _builder_version=&#8221;4.27.0&#8243; _module_preset=&#8221;default&#8221; title_level=&#8221;h2&#8243; title_font=&#8221;|700|||||||&#8221; custom_margin=&#8221;||0px||false|false&#8221; global_colors_info=&#8221;{}&#8221;][\/et_pb_heading][et_pb_text _builder_version=&#8221;4.27.4&#8243; _module_preset=&#8221;default&#8221; global_colors_info=&#8221;{}&#8221;]Cookie \u00e9 um pequeno fragmento de dados (arquivo de texto) que um website ou aplicativo \u2013 quando visitado por um usu\u00e1rio \u2013 solicita que seu navegador armazene em seu dispositivo para que o site se lembre de voc\u00ea, por exemplo, se voc\u00ea consentiu ou n\u00e3o com nosso uso de cookies. Esses cookies s\u00e3o definidos por n\u00f3s e s\u00e3o chamados de cookies prim\u00e1rios.  <\/p>\n<p>Tamb\u00e9m utilizamos cookies de terceiros, que s\u00e3o cookies de um dom\u00ednio diferente do dom\u00ednio do site que voc\u00ea est\u00e1 visitando ou de um dom\u00ednio que n\u00e3o estamos operando, por exemplo, para a finalidade de marketing e publicidade.[\/et_pb_text][et_pb_heading title=&#8221;Como usamos os cookies&#8221; _builder_version=&#8221;4.27.0&#8243; _module_preset=&#8221;default&#8221; title_level=&#8221;h2&#8243; title_font=&#8221;|700|||||||&#8221; custom_margin=&#8221;||0px||false|false&#8221; global_colors_info=&#8221;{}&#8221;][\/et_pb_heading][et_pb_text _builder_version=&#8221;4.27.4&#8243; _module_preset=&#8221;default&#8221; global_colors_info=&#8221;{}&#8221;]Este website usa dois tipos de cookies: cookies persistentes e de sess\u00e3o. Os cookies <strong>persistentes<\/strong> s\u00e3o cookies que permanecem no seu dispositivo por um determinado per\u00edodo (conforme indicado na tabela abaixo) ou at\u00e9 que voc\u00ea os exclua manualmente ou os rejeite. Os cookies <strong>de sess\u00e3o<\/strong> s\u00e3o cookies que expiram no final da sess\u00e3o do navegador (por exemplo, quando voc\u00ea sai do nosso site e fecha o navegador).<\/p>\n<p>Utilizamos cookies <strong>estritamente necess\u00e1rios<\/strong> para (i) reconhecer voc\u00ea como um usu\u00e1rio recorrente, (ii) proteger e dar a voc\u00ea acesso ao nosso site (por exemplo, formata\u00e7\u00e3o do site e proteger nosso site contra ataques maliciosos) e (iii) salvar algumas de suas prefer\u00eancias (por exemplo, consentimento para uso de cookies e configura\u00e7\u00f5es de idioma).   <\/p>\n<p>Utilizamos cookies <strong>n\u00e3o essenciais (n\u00e3o estritamente necess\u00e1rios)<\/strong> para (i) fornecer an\u00fancios publicit\u00e1rios direcionados com base em seu comportamento de navega\u00e7\u00e3o e (ii) observar e analisar os n\u00edveis de tr\u00e1fego e outras m\u00e9tricas em nosso site, o que nos ajuda a melhorar nosso site, bem como sua experi\u00eancia geral como usu\u00e1rio. S\u00f3 utilizamos cookies n\u00e3o essenciais com o seu consentimento (veja abaixo).   <\/p>\n<p>Os cookies podem ser <strong>prim\u00e1rios<\/strong> ou <strong>de terceiros<\/strong>, o que significa que eles s\u00e3o gerenciados por n\u00f3s (prim\u00e1rio) ou por outra empresa (terceiros). Observe que as intera\u00e7\u00f5es com os cookies de terceiros em nosso site s\u00e3o regidas pelas pol\u00edticas de privacidade e de cookies de terceiros, conforme descrito abaixo. <\/p>\n<p>Abaixo, voc\u00ea encontra mais informa\u00e7\u00f5es sobre os tipos de cookies que utilizamos.[\/et_pb_text][et_pb_heading title=&#8221;Gerenciamento de cookies&#8221; _builder_version=&#8221;4.27.0&#8243; _module_preset=&#8221;default&#8221; title_level=&#8221;h2&#8243; title_font=&#8221;|700|||||||&#8221; custom_margin=&#8221;||0px||false|false&#8221; global_colors_info=&#8221;{}&#8221;][\/et_pb_heading][et_pb_text _builder_version=&#8221;4.27.4&#8243; _module_preset=&#8221;default&#8221; global_colors_info=&#8221;{}&#8221;]<\/p>\n<p>Em sua primeira visita ao nosso site e a cada seis meses depois disso, na p\u00e1gina inicial, voc\u00ea ver\u00e1 uma janela de aviso sobre cookies informando porque os cookies s\u00e3o usados e solicitando que voc\u00ea consinta com cada cookie n\u00e3o essencial, se voc\u00ea concordar com nossa pol\u00edtica de uso de cookies, selecionando o bot\u00e3o &#8220;Aceitar&#8221;. Se voc\u00ea n\u00e3o concordar, pode selecionar quais cookies deseja rejeitar ou aceitar, ou voc\u00ea pode optar por &#8220;Rejeitar&#8221;. <\/p>\n<p>Voc\u00ea pode alterar suas prefer\u00eancias de cookies atrav\u00e9s da janela de aviso de cookies, onde voc\u00ea tem a op\u00e7\u00e3o de optar por aceitar ou n\u00e3o o uso de cookies n\u00e3o essenciais em seu dispositivo. No entanto, voc\u00ea tamb\u00e9m pode atualizar suas prefer\u00eancias de cookies a qualquer momento usando o bot\u00e3o abaixo: <\/p>\n<p>[\/et_pb_text][et_pb_code _builder_version=&#8221;4.27.0&#8243; _module_preset=&#8221;default&#8221; global_colors_info=&#8221;{}&#8221;][wcc_preference_button][\/et_pb_code][et_pb_text _builder_version=&#8221;4.27.4&#8243; _module_preset=&#8221;default&#8221; global_colors_info=&#8221;{}&#8221;]Observe que voc\u00ea n\u00e3o pode desabilitar os cookies estritamente necess\u00e1rios, uma vez que eles afetam a funcionalidade do nosso site e sua capacidade de usar certos recursos e fun\u00e7\u00f5es.[\/et_pb_text][et_pb_heading title=&#8221;Tipos de cookies utilizados&#8221; _builder_version=&#8221;4.27.0&#8243; _module_preset=&#8221;default&#8221; title_level=&#8221;h2&#8243; title_font=&#8221;|700|||||||&#8221; custom_margin=&#8221;||0px||false|false&#8221; global_colors_info=&#8221;{}&#8221;][\/et_pb_heading][et_pb_text _builder_version=&#8221;4.24.2&#8243; _module_preset=&#8221;default&#8221; header_2_text_color=&#8221;#691F45&#8243; custom_padding=&#8221;1px|||||&#8221; custom_css_main_element=&#8221;overflow-x: auto;&#8221; global_colors_info=&#8221;{}&#8221;]<\/p>\n<table border=\"1\" style=\"border-collapse: collapse; width: 100%;\">\n<tbody>\n<tr>\n<td style=\"width: 15.9585%;\"><strong>Operador<\/strong><\/td>\n<td style=\"width: 1.21359%;\"><strong>Nome do cookie<\/strong><\/td>\n<td style=\"width: 17.5261%;\"><strong>De sess\u00e3o ou persistente <\/strong><\/td>\n<td style=\"width: 47.568%;\"><strong>Objetivo<\/strong><\/td>\n<td style=\"width: 40.0688%;\"><strong>Vida \u00fatil<\/strong><\/td>\n<\/tr>\n<tr>\n<td style=\"text-align: center;\" colspan=\"5\">\n<h3 style=\"padding: 4px 0;\">Cookies estritamente necess\u00e1rios<\/h3>\n<\/td>\n<\/tr>\n<tr>\n<td style=\"width: 15.9585%;\"><em>Elligo<\/em><\/td>\n<td style=\"width: 1.21359%;\">PHPSESSID<\/td>\n<td style=\"width: 17.5261%;\">De sess\u00e3o<\/td>\n<td style=\"width: 47.568%;\">Este cookie \u00e9 nativo de aplicativos que usam a linguagem de programa\u00e7\u00e3o PHP. O cookie \u00e9 usado para armazenar e identificar um ID de sess\u00e3o exclusivo dos usu\u00e1rios com a finalidade de gerenciar a sess\u00e3o do usu\u00e1rio no site. Trata-se de um cookie de sess\u00e3o, que \u00e9 exclu\u00eddo quando todas as janelas do navegador s\u00e3o fechadas.  <\/td>\n<td style=\"width: 40.0688%;\">Sess\u00e3o<\/td>\n<\/tr>\n<tr>\n<td style=\"width: 15.9585%;\"><em>Elligo<\/em><\/td>\n<td style=\"width: 1.21359%;\">viewed_cookie_policy<\/td>\n<td style=\"width: 17.5261%;\">Persistente<\/td>\n<td style=\"width: 47.568%;\">O cookie \u00e9 definido pelo plugin de Consentimento de Cookies do Regulamento Geral de Prote\u00e7\u00e3o de Dados (General Data Protection Regulation, GDPR) e \u00e9 usado para armazenar a informa\u00e7\u00e3o sobre se o usu\u00e1rio consentiu ou n\u00e3o com o uso de cookies. Ele n\u00e3o armazena nenhum dado pessoal. <\/td>\n<td style=\"width: 40.0688%;\">6 meses<\/td>\n<\/tr>\n<tr>\n<td style=\"width: 15.9585%;\"><em>Elligo<\/em><\/td>\n<td style=\"width: 1.21359%;\">CookieLawInfoConsent<\/td>\n<td style=\"width: 17.5261%;\">Persistente<\/td>\n<td style=\"width: 47.568%;\">O CookieYes define este cookie para registrar o estado do bot\u00e3o padr\u00e3o da categoria correspondente e o status da Lei de Privacidade do Consumidor da Calif\u00f3rnia (California Consumer Privacy Act, CCPA). Ele s\u00f3 funciona em coordena\u00e7\u00e3o com o cookie prim\u00e1rio. <\/td>\n<td style=\"width: 40.0688%;\">1 ano<\/td>\n<\/tr>\n<tr>\n<td style=\"width: 15.9585%;\"><em>Elligo<\/em><\/td>\n<td style=\"width: 1.21359%;\">cookielawinfo-checkbox-necessary<\/td>\n<td style=\"width: 17.5261%;\">Persistente<\/td>\n<td style=\"width: 47.568%;\">Este cookie \u00e9 definido pelo plugin de Consentimento de Cookies do GDPR. O cookie \u00e9 usado para armazenar o consentimento do usu\u00e1rio com o uso dos cookies da categoria &#8220;Necess\u00e1rios&#8221;. <\/td>\n<td style=\"width: 40.0688%;\">1 ano<\/td>\n<\/tr>\n<tr>\n<td style=\"width: 15.9585%;\"><em>Elligo<\/em><\/td>\n<td style=\"width: 1.21359%;\">cookielawinfo-checkbox-functional<\/td>\n<td style=\"width: 17.5261%;\">Persistente<\/td>\n<td style=\"width: 47.568%;\">O cookie \u00e9 definido pelo plugin de Consentimento de Cookies do GDPR para registrar o consentimento do usu\u00e1rio com o uso dos cookies da categoria &#8220;Funcional&#8221;.<\/td>\n<td style=\"width: 40.0688%;\">1 ano<\/td>\n<\/tr>\n<tr>\n<td style=\"width: 15.9585%;\"><em>Elligo<\/em><\/td>\n<td style=\"width: 1.21359%;\">cookielawinfo-checkbox-performance<\/td>\n<td style=\"width: 17.5261%;\">Persistente<\/td>\n<td style=\"width: 47.568%;\">Este cookie \u00e9 definido pelo plugin de Consentimento de Cookies do GDPR. O cookie \u00e9 usado para armazenar o consentimento do usu\u00e1rio com o uso dos cookies da categoria &#8220;Desempenho&#8221;. <\/td>\n<td style=\"width: 40.0688%;\">1 ano<\/td>\n<\/tr>\n<tr>\n<td style=\"width: 15.9585%;\"><em>Elligo<\/em><\/td>\n<td style=\"width: 1.21359%;\">cookielawinfo-checkbox-analytics<\/td>\n<td style=\"width: 17.5261%;\">Persistente<\/td>\n<td style=\"width: 47.568%;\">Este cookie \u00e9 definido pelo plugin de Consentimento de Cookies do GDPR do WordPress. O cookie \u00e9 usado para lembrar o consentimento do usu\u00e1rio com o uso dos cookies da categoria &#8220;Anal\u00edticos&#8221;. <\/td>\n<td style=\"width: 40.0688%;\">1 ano<\/td>\n<\/tr>\n<tr>\n<td style=\"width: 15.9585%;\"><em>Elligo<\/em><\/td>\n<td style=\"width: 1.21359%;\">cookielawinfo-checkbox-advertisement<\/td>\n<td style=\"width: 17.5261%;\">Persistente<\/td>\n<td style=\"width: 47.568%;\">O cookie \u00e9 definido pelo plugin de Consentimento de Cookies do GDPR para registrar o consentimento do usu\u00e1rio com o uso dos cookies da categoria &#8220;An\u00fancio&#8221;.<\/td>\n<td style=\"width: 40.0688%;\">1 ano<\/td>\n<\/tr>\n<tr>\n<td style=\"width: 15.9585%;\"><em>Elligo<\/em><\/td>\n<td style=\"width: 1.21359%;\">cookielawinfo-checkbox-others<\/td>\n<td style=\"width: 17.5261%;\">Persistente<\/td>\n<td style=\"width: 47.568%;\">Este cookie \u00e9 definido pelo plugin de Consentimento de Cookies do GDPR. O cookie \u00e9 usado para armazenar o consentimento do usu\u00e1rio com o uso dos cookies da categoria &#8220;Outros&#8221;. <\/td>\n<td style=\"width: 40.0688%;\">1 ano<\/td>\n<\/tr>\n<tr>\n<td style=\"width: 15.9585%;\"><em>Elligo<\/em><\/td>\n<td style=\"width: 1.21359%;\">selected_language_url<\/td>\n<td style=\"width: 17.5261%;\">Persistente<\/td>\n<td style=\"width: 47.568%;\">Este cookie \u00e9 usado para exibir o idioma escolhido por um usu\u00e1rio no site.<\/td>\n<td style=\"width: 40.0688%;\">6 meses<\/td>\n<\/tr>\n<tr>\n<td style=\"width: 15.9585%;\"><em>WPML<\/em><\/td>\n<td style=\"width: 1.21359%;\">wp-wpml_current_language<\/td>\n<td style=\"width: 17.5261%;\">Persistente<\/td>\n<td style=\"width: 47.568%;\">Este cookie \u00e9 definido pelo plugin do WPML para armazenar a escolha de idioma atual do usu\u00e1rio.<\/td>\n<td style=\"width: 40.0688%;\">24 horas<\/td>\n<\/tr>\n<tr>\n<td style=\"width: 15.9585%;\"><em>Matomo<\/em><\/td>\n<td style=\"width: 1.21359%;\">matomo_sessid<\/td>\n<td style=\"width: 17.5261%;\">De sess\u00e3o<\/td>\n<td style=\"width: 47.568%;\">Este cookie n\u00e3o cont\u00e9m nenhum dado usado para identificar os visitantes, mas \u00e9 considerado um cookie essencial.<\/td>\n<td style=\"width: 40.0688%;\">14 dias<\/td>\n<\/tr>\n<tr>\n<td style=\"text-align: center;\" colspan=\"5\">\n<h3 style=\"padding: 4px 0;\">Cookies n\u00e3o estritamente necess\u00e1rios<\/h3>\n<\/td>\n<\/tr>\n<tr>\n<td style=\"width: 15.9585%;\"><em>AppFromLab<\/em><\/td>\n<td style=\"width: 1.21359%;\">afl_wc_utm_sess_referer<\/td>\n<td style=\"width: 17.5261%;\">De sess\u00e3o<\/td>\n<td style=\"width: 47.568%;\">Definido pelo plugin AFL UTM Tracker, este cookie armazena o primeiro encaminhador do website do usu\u00e1rio.<\/td>\n<td style=\"width: 40.0688%;\">De sess\u00e3o<\/td>\n<\/tr>\n<tr>\n<td style=\"width: 15.9585%;\"><em>AppFromLab<\/em><\/td>\n<td style=\"width: 1.21359%;\">afl_wc_utm_cookie_expiry<\/td>\n<td style=\"width: 17.5261%;\">Persistente<\/td>\n<td style=\"width: 47.568%;\">Definido pelo plugin AFL UTM Tracker, este cookie armazena o n\u00famero de dias de vida \u00fatil que os cookies definidos pelo plugin AFL UTM Tracker devem ter ap\u00f3s a \u00faltima visita do usu\u00e1rio.<\/td>\n<td style=\"width: 40.0688%;\">90 dias<\/td>\n<\/tr>\n<tr>\n<td style=\"width: 15.9585%;\"><em>AppFromLab<\/em><\/td>\n<td style=\"width: 1.21359%;\">afl_wc_utm_sess_visit<\/td>\n<td style=\"width: 17.5261%;\">De sess\u00e3o<\/td>\n<td style=\"width: 47.568%;\">Definido pelo plugin AFL UTM Tracker, este cookie armazena o registro de data\/hora de visita da primeira visita do usu\u00e1rio \u00e0 p\u00e1gina de aterrissagem.<\/td>\n<td style=\"width: 40.0688%;\">De sess\u00e3o<\/td>\n<\/tr>\n<tr>\n<td style=\"width: 15.9585%;\"><em>AppFromLab<\/em><\/td>\n<td style=\"width: 1.21359%;\">afl_wc_utm_sess_landing<\/td>\n<td style=\"width: 17.5261%;\">De sess\u00e3o<\/td>\n<td style=\"width: 47.568%;\">Definido pelo plugin AFL UTM Tracker, este cookie armazena o URL da primeira p\u00e1gina de aterrissagem do usu\u00e1rio.<\/td>\n<td style=\"width: 40.0688%;\">De sess\u00e3o<\/td>\n<\/tr>\n<tr>\n<td style=\"width: 15.9585%;\"><em>AppFromLab<\/em><\/td>\n<td style=\"width: 1.21359%;\">afl_wc_utm_main<\/td>\n<td style=\"width: 17.5261%;\">De sess\u00e3o<\/td>\n<td style=\"width: 47.568%;\">Definido pelo plugin AFL UTM Tracker, este cookie armazena o registro de data\/hora da \u00faltima comunica\u00e7\u00e3o atualizada do lado do servidor.<\/td>\n<td style=\"width: 40.0688%;\">De sess\u00e3o<\/td>\n<\/tr>\n<tr>\n<td style=\"width: 15.9585%;\"><em>Cloudflare<\/em><\/td>\n<td style=\"width: 1.21359%;\">__cf_bm<\/td>\n<td style=\"width: 17.5261%;\">Persistente<\/td>\n<td style=\"width: 47.568%;\">A Cloudflare define este cookie para dar suporte ao Cloudflare Bot Management.<\/td>\n<td style=\"width: 40.0688%;\">30 minutos<\/td>\n<\/tr>\n<tr>\n<td style=\"width: 15.9585%;\"><em>Matomo<\/em><\/td>\n<td style=\"width: 1.21359%;\">_pk_id*<\/td>\n<td style=\"width: 17.5261%;\">Persistente<\/td>\n<td style=\"width: 47.568%;\">Usado para armazenar algumas informa\u00e7\u00f5es sobre o usu\u00e1rio, como o ID de visitante da unidade<\/td>\n<td style=\"width: 40.0688%;\">13 meses<\/td>\n<\/tr>\n<tr>\n<td style=\"width: 15.9585%;\"><em>Matomo<\/em><\/td>\n<td style=\"width: 1.21359%;\">_pk_ref*<\/td>\n<td style=\"width: 17.5261%;\">Persistente<\/td>\n<td style=\"width: 47.568%;\">Usado para armazenar as informa\u00e7\u00f5es de atribui\u00e7\u00e3o<\/td>\n<td style=\"width: 40.0688%;\">6 meses<\/td>\n<\/tr>\n<tr>\n<td style=\"width: 15.9585%;\"><em>Matomo<\/em><\/td>\n<td style=\"width: 1.21359%;\">_pk_ses*<\/td>\n<td style=\"width: 17.5261%;\">De sess\u00e3o<\/td>\n<td style=\"width: 47.568%;\">Usado para armazenar o ID de sess\u00e3o exclusivo<\/td>\n<td style=\"width: 40.0688%;\">30 minutos<\/td>\n<\/tr>\n<tr>\n<td style=\"width: 15.9585%;\"><em>Matomo<\/em><\/td>\n<td style=\"width: 1.21359%;\">_pk_cvar<\/td>\n<td style=\"width: 17.5261%;\">De sess\u00e3o<\/td>\n<td style=\"width: 47.568%;\">Guarda as vari\u00e1veis personalizadas que foram definidas durante a visualiza\u00e7\u00e3o da p\u00e1gina anterior.<\/td>\n<td style=\"width: 40.0688%;\">30 minutos<\/td>\n<\/tr>\n<tr>\n<td style=\"width: 15.9585%;\"><em>Matomo<\/em><\/td>\n<td style=\"width: 1.21359%;\">_pk_hsr<\/td>\n<td style=\"width: 17.5261%;\">De sess\u00e3o<\/td>\n<td style=\"width: 47.568%;\">Cookie de curta dura\u00e7\u00e3o para o mapeamento de calor (heatmap) do site <\/td>\n<td style=\"width: 40.0688%;\">30 minutos<\/td>\n<\/tr>\n<tr>\n<td style=\"width: 15.9585%;\"><em>Matomo<\/em><\/td>\n<td style=\"width: 1.21359%;\">_pk_testcookie<\/td>\n<td style=\"width: 17.5261%;\">De sess\u00e3o<\/td>\n<td style=\"width: 47.568%;\">Usado para verificar se o navegador do visitante fornece suporte aos cookies<\/td>\n<td style=\"width: 40.0688%;\">&lt;5 minutos<\/td>\n<\/tr>\n<tr>\n<td style=\"width: 15.9585%;\"><em>Matomo<\/em><\/td>\n<td style=\"width: 1.21359%;\">mtm_consent or mtm_consent_removed<\/td>\n<td style=\"width: 17.5261%;\">Persistente<\/td>\n<td style=\"width: 47.568%;\">Criado para lembrar que o usu\u00e1rio forneceu (ou removeu) o consentimento<\/td>\n<td style=\"width: 40.0688%;\">2 anos<\/td>\n<\/tr>\n<tr>\n<td style=\"width: 15.9585%;\"><em>Matomo<\/em><\/td>\n<td style=\"width: 1.21359%;\">mtm_cookie_consent<\/td>\n<td style=\"width: 17.5261%;\">Persistente<\/td>\n<td style=\"width: 47.568%;\">Usado para lembrar que o usu\u00e1rio forneceu consentimento para armazenamento e uso de cookies<\/td>\n<td style=\"width: 40.0688%;\">2 anos<\/td>\n<\/tr>\n<tr>\n<td style=\"width: 15.9585%;\"><em>Matomo<\/em><\/td>\n<td style=\"width: 1.21359%;\">Matomo_ignore<\/td>\n<td style=\"width: 17.5261%;\">Persistente<\/td>\n<td style=\"width: 47.568%;\">Criado quando o usu\u00e1rio n\u00e3o consente com o rastreamento<\/td>\n<td style=\"width: 40.0688%;\">30 anos<\/td>\n<\/tr>\n<tr>\n<td style=\"width: 15.9585%;\"><em>Google<\/em><\/td>\n<td style=\"width: 1.21359%;\">__gads<\/td>\n<td style=\"width: 1.21359%;\">Persistente<\/td>\n<td style=\"width: 47.568%;\">O Google usa cookies para publicidade, incluindo veicula\u00e7\u00e3o e renderiza\u00e7\u00e3o de an\u00fancios, an\u00fancios personalizados (dependendo da sua configura\u00e7\u00e3o de an\u00fancios em <a href=\"https:\/\/g.co\/adsettings\" target=\"_blank\" rel=\"noreferrer noopener\">g.co\/adsettings<\/a>), limitando o n\u00famero de vezes que um an\u00fancio \u00e9 exibido para um usu\u00e1rio, silenciando os an\u00fancios que voc\u00ea selecionou para parar de de ver e medindo a efic\u00e1cia dos an\u00fancios.<\/td>\n<td style=\"width: 40.0688%;\">13 meses<\/td>\n<\/tr>\n<tr>\n<td style=\"width: 15.9585%;\"><em>Google<\/em><\/td>\n<td style=\"width: 1.21359%;\">_gcl_au,_gcl_aw<\/td>\n<td style=\"width: 17.5261%;\">Persistente<\/td>\n<td style=\"width: 47.568%;\">O Google usa cookies para publicidade, incluindo veicula\u00e7\u00e3o e renderiza\u00e7\u00e3o de an\u00fancios, an\u00fancios personalizados (dependendo da sua configura\u00e7\u00e3o de an\u00fancios em <a href=\"https:\/\/g.co\/adsettings\" target=\"_blank\" rel=\"noreferrer noopener\">g.co\/adsettings<\/a>), limitando o n\u00famero de vezes que um an\u00fancio \u00e9 exibido para um usu\u00e1rio, silenciando os an\u00fancios que voc\u00ea selecionou para parar de de ver e medindo a efic\u00e1cia dos an\u00fancios.<\/td>\n<td style=\"width: 40.0688%;\">90 dias<\/td>\n<\/tr>\n<\/tbody>\n<\/table>\n<p>[\/et_pb_text][et_pb_heading title=&#8221;Fale conosco&#8221; _builder_version=&#8221;4.27.0&#8243; _module_preset=&#8221;default&#8221; title_level=&#8221;h2&#8243; title_font=&#8221;|700|||||||&#8221; custom_margin=&#8221;||0px||false|false&#8221; global_colors_info=&#8221;{}&#8221;][\/et_pb_heading][et_pb_text _builder_version=&#8221;4.27.4&#8243; _module_preset=&#8221;default&#8221; global_colors_info=&#8221;{}&#8221;]<\/p>\n<p>Para obter mais informa\u00e7\u00f5es sobre o uso de cookies em nosso site, entre em contato conosco acessando:<\/p>\n<p>Elligo Health Research, Inc. <br \/>11612 Bee Cave Rd <br \/>Building 1 Suite 150<br \/>Austin, TX 78738<br \/>EUA<\/p>\n<p>Encarregado de Prote\u00e7\u00e3o de Dados (Data Protection Officer, DPO)<br \/><a href=\"mailto:privacy@elligodirect.com\">privacy@elligodirect.com<\/a><\/p>\n<p>Para obter mais informa\u00e7\u00f5es sobre como processamos dados pessoais por meio do uso de cookies, consulte nossa <a href=\"https:\/\/deepdeestudy.global\/pt-br\/politica-de-privacidade\/\">Privacy Policy<\/a>.<\/p>\n<p>[\/et_pb_text][\/et_pb_column][\/et_pb_row][\/et_pb_section]<\/p>\n","protected":false},"excerpt":{"rendered":"<p>\u00daltima atualiza\u00e7\u00e3o: 30 de junho de 2024 A Elligo Health Research, Inc. (\u201cElligo\u201d, \u201cn\u00f3s\u201d ou \u201ca empresa\u201d) fornecer\u00e1 assist\u00eancia \u00e0 Organiza\u00e7\u00e3o Representativa para Pesquisa Cl\u00ednica (ORPC) PPD, parte da Thermo Fisher Scientific, (\u201cPPD\u201d) na presta\u00e7\u00e3o de determinados servi\u00e7os, os quais podem incluir a divulga\u00e7\u00e3o publicit\u00e1ria do estudo, recrutamento para o estudo, apoio ao centro do [&hellip;]<\/p>\n","protected":false},"author":2,"featured_media":0,"parent":0,"menu_order":0,"comment_status":"closed","ping_status":"closed","template":"","meta":{"_et_pb_use_builder":"on","_et_pb_old_content":"","_et_gb_content_width":"","footnotes":""},"class_list":["post-636","page","type-page","status-publish","hentry"],"_links":{"self":[{"href":"https:\/\/deepdeestudy.global\/pt-br\/wp-json\/wp\/v2\/pages\/636","targetHints":{"allow":["GET"]}}],"collection":[{"href":"https:\/\/deepdeestudy.global\/pt-br\/wp-json\/wp\/v2\/pages"}],"about":[{"href":"https:\/\/deepdeestudy.global\/pt-br\/wp-json\/wp\/v2\/types\/page"}],"author":[{"embeddable":true,"href":"https:\/\/deepdeestudy.global\/pt-br\/wp-json\/wp\/v2\/users\/2"}],"replies":[{"embeddable":true,"href":"https:\/\/deepdeestudy.global\/pt-br\/wp-json\/wp\/v2\/comments?post=636"}],"version-history":[{"count":0,"href":"https:\/\/deepdeestudy.global\/pt-br\/wp-json\/wp\/v2\/pages\/636\/revisions"}],"wp:attachment":[{"href":"https:\/\/deepdeestudy.global\/pt-br\/wp-json\/wp\/v2\/media?parent=636"}],"curies":[{"name":"wp","href":"https:\/\/api.w.org\/{rel}","templated":true}]}}